{"id":2691,"date":"2019-11-30T06:13:19","date_gmt":"2019-11-30T06:13:19","guid":{"rendered":"http:\/\/startisten.de\/?page_id=2691"},"modified":"2019-11-30T07:51:02","modified_gmt":"2019-11-30T07:51:02","slug":"bunbury-1997","status":"publish","type":"page","link":"https:\/\/startisten.de\/?page_id=2691","title":{"rendered":"&#8222;Bunbury&#8220; &#8211; 1997"},"content":{"rendered":"<p><img loading=\"lazy\" class=\"aligncenter wp-image-2704\" src=\"http:\/\/startisten.de\/wp-content\/uploads\/2019\/11\/Bunbury-1-300x229.jpg\" alt=\"\" width=\"450\" height=\"344\" srcset=\"https:\/\/startisten.de\/wp-content\/uploads\/2019\/11\/Bunbury-1-300x229.jpg 300w, https:\/\/startisten.de\/wp-content\/uploads\/2019\/11\/Bunbury-1.jpg 651w\" sizes=\"(max-width: 450px) 100vw, 450px\" \/><\/p>\n<h1>Ein echter Klassiker<\/h1>\n<p>Ein Klassiker bei den Startisten in Bonn: die Kom\u00f6die &#8222;Bunbury&#8220; von Oscar Wilde, aufgef\u00fchrt am 11. Januar 1997.<\/p>\n<p><strong>Zum Inhalt<\/strong><\/p>\n<p>In ,,Bunbury oder Ernst sein ist wichtig&#8220; geht es um eine am\u00fcsante Verwechslungsgeschichte. Da sind Jack und Algernon, zwei junge M\u00e4nner, die sich je eine fiktive Person erdacht haben, um ihre Eskapaden vor den <img loading=\"lazy\" class=\"alignleft wp-image-2703\" src=\"http:\/\/startisten.de\/wp-content\/uploads\/2019\/11\/Bunbury-2-300x239.jpg\" alt=\"\" width=\"200\" height=\"159\" srcset=\"https:\/\/startisten.de\/wp-content\/uploads\/2019\/11\/Bunbury-2-300x239.jpg 300w, https:\/\/startisten.de\/wp-content\/uploads\/2019\/11\/Bunbury-2.jpg 603w\" sizes=\"(max-width: 200px) 100vw, 200px\" \/>kritischen Augen der \u00d6ffentlichkeit geheimzuhalten. Algernon erfindet seinen kr\u00e4nkelnden Freund Bunbury, um dem Stadttrubel entfliehen und aufs Land fahren zu k\u00f6nnen. Jack ersinnt einen h\u00f6chst leichtlebigen Bruder namens Ernst, um das Land hinter sich lassen und in die Stadt verschwinden zu k\u00f6nnen. Die Liebe macht beiden einen Strich durch die Rechnung. Es kommt zu allen m\u00f6glichen Verwicklungen &#8211; zur Freude der Zuschauer.<\/p>\n<p><strong>Der Autor<\/strong><\/p>\n<p>Oscar (Fingal O\u2019Flahertie Wills) Wilde wurde am 16. Oktober 1854 in Dublin geboren. Von 1871 bis 1874 besuchte er das Trinity College in Dublin und begann nach einer Italienreise 1874 mit dem Studium der klassischen<\/p>\n<figure id=\"attachment_2693\" aria-describedby=\"caption-attachment-2693\" style=\"width: 180px\" class=\"wp-caption alignright\"><img loading=\"lazy\" class=\"size-medium wp-image-2693\" src=\"http:\/\/startisten.de\/wp-content\/uploads\/2019\/11\/Oscar_Wilde_Sarony-180x300.jpg\" alt=\"\" width=\"180\" height=\"300\" srcset=\"https:\/\/startisten.de\/wp-content\/uploads\/2019\/11\/Oscar_Wilde_Sarony-180x300.jpg 180w, https:\/\/startisten.de\/wp-content\/uploads\/2019\/11\/Oscar_Wilde_Sarony.jpg 320w\" sizes=\"(max-width: 180px) 100vw, 180px\" \/><figcaption id=\"caption-attachment-2693\" class=\"wp-caption-text\">Oscar Wilde, Aufnahme von Napoleon Sarony, 1882<\/figcaption><\/figure>\n<p>Literatur am Magdalen College in Oxford. Bereits w\u00e4hrend seines Studiums entwickelte er ein Faible f\u00fcr die Str\u00f6mung des modernen \u00c4sthetizismus.<\/p>\n<p>Im Alter von 25 Jahren zog Oscar Wilde 1879 nach London, wo er sich eine Wohnung mit dem K\u00fcnster Frank Miles teilte und bald zu den stadtbekannten Dandys z\u00e4hlte. Er pflegte einen extravaganten Lebensstil und hatte vollendete Manieren. Es f\u00fchrte ihn in die USA und nach Paris.<\/p>\n<p>Nach seiner Hochzeit 1884 arbeitete Oscar Wilde f\u00fcr verschiedene Zeitschriften und brachte unter anderem eine M\u00e4rchensammlung heraus. Die Ver\u00f6ffentlichung seines einzigen Romans \u00bbDas Bildnis des Dorian Gray\u00ab l\u00f6ste 1890\/91 einen gesellschaftlichen Skandal aus. F\u00fcr das B\u00fchnenst\u00fcck \u00bbSalome\u00ab von 1891 fand sich in England kein Verleger; es wurde erst 1894 in Paris uraufgef\u00fchrt.<\/p>\n<p>In den folgenden Jahren machte sich Oscar Wilde als Dramatiker einen Namen. Er schrieb vor allem Gesellschaftskom\u00f6dien, darunter \u00bbA Woman of No Importance\u00ab (1893) und \u00bbAn Ideal Husband\u00ab (1895). Der Durchbruch gelang ihm 1895 mit dem St\u00fcck \u00bbThe Importance of Being Earnest\u00ab.<\/p>\n<p>m selben Jahr strengte Oscar Wilde gegen den Vater seines Liebhabers Lord Alfred Bruce Douglas eine Verleumdungsklage an. Dies f\u00fchrte wiederum zu einem Prozess gegen Wilde selbst, an dessen Ende er wegen homosexueller Handlungen zu zwei Jahren Zuchthaus verurteilt wurde. Wilde starb mittellos am 30. November 1900 in Paris.<\/p>\n<p id=\"credit\">Quelle: <a href=\"https:\/\/www.inhaltsangabe.de\/autoren\/wilde\/\" target=\"_blank\" rel=\"noopener noreferrer\">Oscar Wilde &#8211; Biografie und Inhaltsangaben<\/a><\/p>\n<p>&nbsp;<\/p>\n<p><iframe src=\"https:\/\/www.youtube.com\/embed\/ckdTLe3NeE0\" width=\"560\" height=\"315\" frameborder=\"0\" allowfullscreen=\"allowfullscreen\"><\/iframe><\/p>\n<p>&nbsp;<\/p>\n<p>&nbsp;<\/p>\n<div id=\"OKAYFREEDOM_INJECTED\" style=\"display: none;\"><\/div>\n<p><script src=\"moz-extension:\/\/27278095-acba-40ca-9c67-c829c2c7f937\/web\/libs\/ciuvo-addon-sdk.min.js\" async=\"\"><\/script><\/p>\n","protected":false},"excerpt":{"rendered":"<p>Ein echter Klassiker Ein Klassiker bei den Startisten in Bonn: die Kom\u00f6die &#8222;Bunbury&#8220; von Oscar Wilde, aufgef\u00fchrt am 11. Januar 1997. Zum Inhalt In ,,Bunbury oder Ernst sein ist wichtig&#8220; geht es um eine am\u00fcsante Verwechslungsgeschichte. Da sind Jack und Algernon, zwei junge M\u00e4nner, die sich je eine fiktive Person erdacht haben, um ihre Eskapaden [&hellip;]<\/p>\n","protected":false},"author":1,"featured_media":0,"parent":0,"menu_order":0,"comment_status":"closed","ping_status":"closed","template":"","meta":[],"uagb_featured_image_src":{"full":false,"thumbnail":false,"medium":false,"medium_large":false,"large":false,"1536x1536":false,"2048x2048":false},"uagb_author_info":{"display_name":"wpadmin","author_link":"https:\/\/startisten.de\/?author=1"},"uagb_comment_info":0,"uagb_excerpt":"Ein echter Klassiker Ein Klassiker bei den Startisten in Bonn: die Kom\u00f6die &#8222;Bunbury&#8220; von Oscar Wilde, aufgef\u00fchrt am 11. Januar 1997. Zum Inhalt In ,,Bunbury oder Ernst sein ist wichtig&#8220; geht es um eine am\u00fcsante Verwechslungsgeschichte. Da sind Jack und Algernon, zwei junge M\u00e4nner, die sich je eine fiktive Person erdacht haben, um ihre Eskapaden&hellip;","_links":{"self":[{"href":"https:\/\/startisten.de\/index.php?rest_route=\/wp\/v2\/pages\/2691"}],"collection":[{"href":"https:\/\/startisten.de\/index.php?rest_route=\/wp\/v2\/pages"}],"about":[{"href":"https:\/\/startisten.de\/index.php?rest_route=\/wp\/v2\/types\/page"}],"author":[{"embeddable":true,"href":"https:\/\/startisten.de\/index.php?rest_route=\/wp\/v2\/users\/1"}],"replies":[{"embeddable":true,"href":"https:\/\/startisten.de\/index.php?rest_route=%2Fwp%2Fv2%2Fcomments&post=2691"}],"version-history":[{"count":8,"href":"https:\/\/startisten.de\/index.php?rest_route=\/wp\/v2\/pages\/2691\/revisions"}],"predecessor-version":[{"id":2709,"href":"https:\/\/startisten.de\/index.php?rest_route=\/wp\/v2\/pages\/2691\/revisions\/2709"}],"wp:attachment":[{"href":"https:\/\/startisten.de\/index.php?rest_route=%2Fwp%2Fv2%2Fmedia&parent=2691"}],"curies":[{"name":"wp","href":"https:\/\/api.w.org\/{rel}","templated":true}]}}