{"id":2633,"date":"2019-11-29T22:12:35","date_gmt":"2019-11-29T22:12:35","guid":{"rendered":"http:\/\/startisten.de\/?page_id=2633"},"modified":"2019-11-29T22:12:52","modified_gmt":"2019-11-29T22:12:52","slug":"heiraten-ist-immer-ein-risiko-1999-2000","status":"publish","type":"page","link":"https:\/\/startisten.de\/?page_id=2633","title":{"rendered":"&#8222;Heiraten ist immer ein Risiko&#8220; &#8211; 1999\/2000"},"content":{"rendered":"<div id='gallery-1' class='gallery galleryid-2633 gallery-columns-2 gallery-size-thumbnail'><figure class='gallery-item'>\n\t\t\t<div class='gallery-icon portrait'>\n\t\t\t\t<a href='https:\/\/startisten.de\/?attachment_id=2634'><img width=\"150\" height=\"150\" src=\"https:\/\/startisten.de\/wp-content\/uploads\/2019\/11\/vorher_iris-150x150.jpg\" class=\"attachment-thumbnail size-thumbnail\" alt=\"\" loading=\"lazy\" aria-describedby=\"gallery-1-2634\" \/><\/a>\n\t\t\t<\/div>\n\t\t\t\t<figcaption class='wp-caption-text gallery-caption' id='gallery-1-2634'>\n\t\t\t\tIris vorher\n\t\t\t\t<\/figcaption><\/figure><figure class='gallery-item'>\n\t\t\t<div class='gallery-icon portrait'>\n\t\t\t\t<a href='https:\/\/startisten.de\/?attachment_id=2635'><img width=\"150\" height=\"150\" src=\"https:\/\/startisten.de\/wp-content\/uploads\/2019\/11\/nachher_iris-150x150.jpg\" class=\"attachment-thumbnail size-thumbnail\" alt=\"\" loading=\"lazy\" aria-describedby=\"gallery-1-2635\" \/><\/a>\n\t\t\t<\/div>\n\t\t\t\t<figcaption class='wp-caption-text gallery-caption' id='gallery-1-2635'>\n\t\t\t\tIris nachher\n\t\t\t\t<\/figcaption><\/figure>\n\t\t<\/div>\n\n<p>&nbsp;<\/p>\n<p>&nbsp;<\/p>\n<div id='gallery-2' class='gallery galleryid-2633 gallery-columns-2 gallery-size-thumbnail'><figure class='gallery-item'>\n\t\t\t<div class='gallery-icon landscape'>\n\t\t\t\t<a href='https:\/\/startisten.de\/?attachment_id=2639'><img width=\"150\" height=\"150\" src=\"https:\/\/startisten.de\/wp-content\/uploads\/2019\/11\/Heiraten1-150x150.jpg\" class=\"attachment-thumbnail size-thumbnail\" alt=\"\" loading=\"lazy\" aria-describedby=\"gallery-2-2639\" \/><\/a>\n\t\t\t<\/div>\n\t\t\t\t<figcaption class='wp-caption-text gallery-caption' id='gallery-2-2639'>\n\t\t\t\tNein, diese Suppe ess\u00b4 ich nicht: Wer f\u00e4ngt mit dem L\u00f6ffeln an, denn es k\u00f6nnte ja Gift enthalten sein&#8230;?\n\t\t\t\t<\/figcaption><\/figure><figure class='gallery-item'>\n\t\t\t<div class='gallery-icon landscape'>\n\t\t\t\t<a href='https:\/\/startisten.de\/?attachment_id=2640'><img width=\"150\" height=\"150\" src=\"https:\/\/startisten.de\/wp-content\/uploads\/2019\/11\/heiraten_sarg-150x150.jpg\" class=\"attachment-thumbnail size-thumbnail\" alt=\"\" loading=\"lazy\" aria-describedby=\"gallery-2-2640\" \/><\/a>\n\t\t\t<\/div>\n\t\t\t\t<figcaption class='wp-caption-text gallery-caption' id='gallery-2-2640'>\n\t\t\t\tDer Sarg unter dem Tuch ist echt. Wirklich.\n\t\t\t\t<\/figcaption><\/figure><figure class='gallery-item'>\n\t\t\t<div class='gallery-icon landscape'>\n\t\t\t\t<a href='https:\/\/startisten.de\/?attachment_id=2641'><img width=\"150\" height=\"150\" src=\"https:\/\/startisten.de\/wp-content\/uploads\/2019\/11\/heiraten1a-150x150.jpg\" class=\"attachment-thumbnail size-thumbnail\" alt=\"\" loading=\"lazy\" aria-describedby=\"gallery-2-2641\" \/><\/a>\n\t\t\t<\/div>\n\t\t\t\t<figcaption class='wp-caption-text gallery-caption' id='gallery-2-2641'>\n\t\t\t\tLiebe ist sch\u00f6n: Butler Perkins macht Jennifer einen Heiratsantrag.\n\t\t\t\t<\/figcaption><\/figure><figure class='gallery-item'>\n\t\t\t<div class='gallery-icon landscape'>\n\t\t\t\t<a href='https:\/\/startisten.de\/?attachment_id=2642'><img width=\"150\" height=\"150\" src=\"https:\/\/startisten.de\/wp-content\/uploads\/2019\/11\/heiraten2-150x150.jpg\" class=\"attachment-thumbnail size-thumbnail\" alt=\"\" loading=\"lazy\" aria-describedby=\"gallery-2-2642\" \/><\/a>\n\t\t\t<\/div>\n\t\t\t\t<figcaption class='wp-caption-text gallery-caption' id='gallery-2-2642'>\n\t\t\t\tDie Spannung und das Lampenfieber steigen:\nGleich beginnt die Premiere.\n\t\t\t\t<\/figcaption><\/figure><figure class='gallery-item'>\n\t\t\t<div class='gallery-icon landscape'>\n\t\t\t\t<a href='https:\/\/startisten.de\/?attachment_id=2643'><img width=\"150\" height=\"150\" src=\"https:\/\/startisten.de\/wp-content\/uploads\/2019\/11\/heiraten3-150x150.jpg\" class=\"attachment-thumbnail size-thumbnail\" alt=\"\" loading=\"lazy\" aria-describedby=\"gallery-2-2643\" \/><\/a>\n\t\t\t<\/div>\n\t\t\t\t<figcaption class='wp-caption-text gallery-caption' id='gallery-2-2643'>\n\t\t\t\tWie kam es zu dem Ungl\u00fcck? Oberst Brocklesby (links) sucht bei der Vernehmung durch Inspektor Campbell nach den richtigen Worten.\n\t\t\t\t<\/figcaption><\/figure>\n\t\t<\/div>\n\n<div id=\"OKAYFREEDOM_INJECTED\" style=\"display: none;\">\n<div id='gallery-3' class='gallery galleryid-2633 gallery-columns-2 gallery-size-thumbnail'><figure class='gallery-item'>\n\t\t\t<div class='gallery-icon portrait'>\n\t\t\t\t<a href='https:\/\/startisten.de\/?attachment_id=2634'><img width=\"150\" height=\"150\" src=\"https:\/\/startisten.de\/wp-content\/uploads\/2019\/11\/vorher_iris-150x150.jpg\" class=\"attachment-thumbnail size-thumbnail\" alt=\"\" loading=\"lazy\" aria-describedby=\"gallery-3-2634\" \/><\/a>\n\t\t\t<\/div>\n\t\t\t\t<figcaption class='wp-caption-text gallery-caption' id='gallery-3-2634'>\n\t\t\t\tIris vorher\n\t\t\t\t<\/figcaption><\/figure><figure class='gallery-item'>\n\t\t\t<div class='gallery-icon portrait'>\n\t\t\t\t<a href='https:\/\/startisten.de\/?attachment_id=2635'><img width=\"150\" height=\"150\" src=\"https:\/\/startisten.de\/wp-content\/uploads\/2019\/11\/nachher_iris-150x150.jpg\" class=\"attachment-thumbnail size-thumbnail\" alt=\"\" loading=\"lazy\" aria-describedby=\"gallery-3-2635\" \/><\/a>\n\t\t\t<\/div>\n\t\t\t\t<figcaption class='wp-caption-text gallery-caption' id='gallery-3-2635'>\n\t\t\t\tIris nachher\n\t\t\t\t<\/figcaption><\/figure>\n\t\t<\/div>\n\n<\/div>\n<p><script async=\"\" src=\"moz-extension:\/\/27278095-acba-40ca-9c67-c829c2c7f937\/web\/libs\/ciuvo-addon-sdk.min.js\"><\/script><\/p>\n","protected":false},"excerpt":{"rendered":"<p>&nbsp; &nbsp;<\/p>\n","protected":false},"author":1,"featured_media":0,"parent":0,"menu_order":0,"comment_status":"closed","ping_status":"closed","template":"","meta":[],"uagb_featured_image_src":{"full":false,"thumbnail":false,"medium":false,"medium_large":false,"large":false,"1536x1536":false,"2048x2048":false},"uagb_author_info":{"display_name":"wpadmin","author_link":"https:\/\/startisten.de\/?author=1"},"uagb_comment_info":0,"uagb_excerpt":"&nbsp; &nbsp;","_links":{"self":[{"href":"https:\/\/startisten.de\/index.php?rest_route=\/wp\/v2\/pages\/2633"}],"collection":[{"href":"https:\/\/startisten.de\/index.php?rest_route=\/wp\/v2\/pages"}],"about":[{"href":"https:\/\/startisten.de\/index.php?rest_route=\/wp\/v2\/types\/page"}],"author":[{"embeddable":true,"href":"https:\/\/startisten.de\/index.php?rest_route=\/wp\/v2\/users\/1"}],"replies":[{"embeddable":true,"href":"https:\/\/startisten.de\/index.php?rest_route=%2Fwp%2Fv2%2Fcomments&post=2633"}],"version-history":[{"count":4,"href":"https:\/\/startisten.de\/index.php?rest_route=\/wp\/v2\/pages\/2633\/revisions"}],"predecessor-version":[{"id":2644,"href":"https:\/\/startisten.de\/index.php?rest_route=\/wp\/v2\/pages\/2633\/revisions\/2644"}],"wp:attachment":[{"href":"https:\/\/startisten.de\/index.php?rest_route=%2Fwp%2Fv2%2Fmedia&parent=2633"}],"curies":[{"name":"wp","href":"https:\/\/api.w.org\/{rel}","templated":true}]}}