{"id":2604,"date":"2019-11-29T21:58:40","date_gmt":"2019-11-29T21:58:40","guid":{"rendered":"http:\/\/startisten.de\/?page_id=2604"},"modified":"2019-11-29T22:00:43","modified_gmt":"2019-11-29T22:00:43","slug":"aba-sketchwochenende-2001","status":"publish","type":"page","link":"https:\/\/startisten.de\/?page_id=2604","title":{"rendered":"ABA-Sketchwochenende &#8211; 2001"},"content":{"rendered":"<p><img loading=\"lazy\" class=\"alignnone size-medium wp-image-2605\" src=\"http:\/\/startisten.de\/wp-content\/uploads\/2019\/11\/aba_sketch1-300x197.jpg\" alt=\"\" width=\"300\" height=\"197\" srcset=\"https:\/\/startisten.de\/wp-content\/uploads\/2019\/11\/aba_sketch1-300x197.jpg 300w, https:\/\/startisten.de\/wp-content\/uploads\/2019\/11\/aba_sketch1.jpg 567w\" sizes=\"(max-width: 300px) 100vw, 300px\" \/><\/p>\n<p><strong>Programmfolge<\/strong><\/p>\n<p>Begr\u00fc\u00dfung mit &#8222;dem&#8220; Song aus &#8222;Cabaret&#8220; Nicole Niebergall\/Ohrenschmaus<\/p>\n<p>Teil 1 \u2013 Gastfreundschaft<\/p>\n<p>Bauchredner-Ansage Alois Maier\/Ohrenschmaus<\/p>\n<p>K\u00f6nigsberger Kl\u00f6pschen Karola Faber + J\u00fcrgen Fr\u00f6bisch\/Startisten<\/p>\n<p>Ehepaar-Witz Astrid Geib, Guido Krause + Bernhard Willms\/Theater Kontrast<\/p>\n<p>Zimmerreservierung Reinhard Thiesmeyer + Rainer Trageser\/Startisten<\/p>\n<p>Teil 2 \u2013 Partnerschaft<\/p>\n<p>Bauchredner-Ansage Alois Maier\/Ohrenschmaus<\/p>\n<p>Ohrfeige Guido Baumann + S\u00f6ren Mensing\/Ohrenschmaus<\/p>\n<p>Fernsehabend Karola Faber + J\u00fcrgen Fr\u00f6bisch\/Startisten<\/p>\n<p>Herbstzeitlose Nicole und Bernhard Willms\/Theater Kontrast<\/p>\n<p>Du, ich ess\u2018 kein Schwein Hannelore Nitsche + Peter Linke\/<br \/>\n(Lied) spot(t)mix<\/p>\n<p>Feierabend Iris Grosche + Hartmut Bister\/Startisten<\/p>\n<p>Parf\u00fcm Sara Weissenfeld + Peter Linke\/spot(t)mix<\/p>\n<p>Den Dialog suchen Iris Grosche + Hartmut Bister\/Startisten<\/p>\n<p>Orientalischer Tanz Heidi Rogge\/Theater Kontrast<\/p>\n<p>Bauchredner-Ansage Alois Maier\/Ohrenschmaus<\/p>\n<p>&#8211; Pause &#8211;<\/p>\n<p>Teil 3 \u2013 T\u00fccke des Objekts<\/p>\n<p>Zauberer MALOX Alois Maier\/Ohrenschmaus<\/p>\n<p>Gentechnik Hannelore Nitsche + Peter Linke\/spot(t)mix<\/p>\n<p>Frauenkauf Hartmut Bister + Rainer Trageser\/Startisten<\/p>\n<p>Bundesbahn Nicole Willms + Carmen Krumrein\/Theater Kontrast<\/p>\n<p>Operation Hannelore Nitsche, Peter Linke,<br \/>\nSara Weissenfeld + Saskia Dahl\/spot(t)mix<\/p>\n<p>Automatische Toilette Karola Faber + J\u00fcrgen Fr\u00f6bisch\/Startisten<\/p>\n<p>Telefonbeichte Hannelore Nitsche + Peter Linke\/spot(t)mix<\/p>\n<p><img loading=\"lazy\" class=\"size-medium wp-image-2611 aligncenter\" src=\"http:\/\/startisten.de\/wp-content\/uploads\/2019\/11\/aba_sketch4-300x197.jpg\" alt=\"\" width=\"300\" height=\"197\" srcset=\"https:\/\/startisten.de\/wp-content\/uploads\/2019\/11\/aba_sketch4-300x197.jpg 300w, https:\/\/startisten.de\/wp-content\/uploads\/2019\/11\/aba_sketch4.jpg 567w\" sizes=\"(max-width: 300px) 100vw, 300px\" \/><\/p>\n<p><strong>Off-Theater Ohrenschmaus,Bonn-Poppelsdorf<\/strong><\/p>\n<p>Guido Baumann<br \/>\nAlois Maier<br \/>\nS\u00f6ren Mensing<br \/>\nNicole Niebergall<\/p>\n<p>Leitung: Nicole Niebergall<\/p>\n<p><strong>Theater Kontrast Bonn-Beue<\/strong>l<\/p>\n<p>Astrid Geib<br \/>\nGuido Krause<br \/>\nCarmen Krumrein<br \/>\nHeidi Rogge<br \/>\nBernhard Willms<br \/>\nNicole Willms<\/p>\n<p>Leitung: Bernhard Willms<\/p>\n<p><strong>spot(t)mix &#8211; Kabarett im GHH, Bonn-Tannenbusch<\/strong><\/p>\n<p>Katrin Dahl<br \/>\nSaskia Dahl<br \/>\nPeter Linke<br \/>\nHannelore Nitsche<br \/>\nSara Weissenfeld<\/p>\n<p>Leitung: Hannelore Nitsche\/Peter Linke<\/p>\n<p><strong>Die Startisten, Bonn-Hardtberg\/Br\u00fcser Berg<\/strong><\/p>\n<p>Karola Faber<br \/>\nJ\u00fcrgen Fr\u00f6bisch<br \/>\nIris Grosche<br \/>\nReinhard Thiesmeyer<br \/>\nRainer Trageser<br \/>\nHartmut Bister<\/p>\n<p>Leitung: J\u00fcrgen Fr\u00f6bisch<\/p>\n<p>Technik: Stefan Kickartz + Bernadette L\u00fctzeler-Dahl\/spot(t)mi<\/p>\n<div id='gallery-1' class='gallery galleryid-2604 gallery-columns-2 gallery-size-thumbnail'><figure class='gallery-item'>\n\t\t\t<div class='gallery-icon portrait'>\n\t\t\t\t<a href='https:\/\/startisten.de\/?attachment_id=2619'><img width=\"150\" height=\"150\" src=\"https:\/\/startisten.de\/wp-content\/uploads\/2019\/11\/aba_sketch8-150x150.jpg\" class=\"attachment-thumbnail size-thumbnail\" alt=\"\" loading=\"lazy\" \/><\/a>\n\t\t\t<\/div><\/figure><figure class='gallery-item'>\n\t\t\t<div class='gallery-icon landscape'>\n\t\t\t\t<a href='https:\/\/startisten.de\/?attachment_id=2615'><img width=\"150\" height=\"150\" src=\"https:\/\/startisten.de\/wp-content\/uploads\/2019\/11\/aba_sketch6-150x150.jpg\" class=\"attachment-thumbnail size-thumbnail\" alt=\"\" loading=\"lazy\" \/><\/a>\n\t\t\t<\/div><\/figure><figure class='gallery-item'>\n\t\t\t<div class='gallery-icon landscape'>\n\t\t\t\t<a href='https:\/\/startisten.de\/?attachment_id=2617'><img width=\"150\" height=\"150\" src=\"https:\/\/startisten.de\/wp-content\/uploads\/2019\/11\/aba_sketch7-150x150.jpg\" class=\"attachment-thumbnail size-thumbnail\" alt=\"\" loading=\"lazy\" \/><\/a>\n\t\t\t<\/div><\/figure><figure class='gallery-item'>\n\t\t\t<div class='gallery-icon portrait'>\n\t\t\t\t<a href='https:\/\/startisten.de\/?attachment_id=2613'><img width=\"150\" height=\"150\" src=\"https:\/\/startisten.de\/wp-content\/uploads\/2019\/11\/aba_sketch5-150x150.jpg\" class=\"attachment-thumbnail size-thumbnail\" alt=\"\" loading=\"lazy\" \/><\/a>\n\t\t\t<\/div><\/figure><figure class='gallery-item'>\n\t\t\t<div class='gallery-icon landscape'>\n\t\t\t\t<a href='https:\/\/startisten.de\/?attachment_id=2609'><img width=\"150\" height=\"150\" src=\"https:\/\/startisten.de\/wp-content\/uploads\/2019\/11\/aba_sketch3-150x150.jpg\" class=\"attachment-thumbnail size-thumbnail\" alt=\"\" loading=\"lazy\" \/><\/a>\n\t\t\t<\/div><\/figure><figure class='gallery-item'>\n\t\t\t<div class='gallery-icon landscape'>\n\t\t\t\t<a href='https:\/\/startisten.de\/?attachment_id=2611'><img width=\"150\" height=\"150\" src=\"https:\/\/startisten.de\/wp-content\/uploads\/2019\/11\/aba_sketch4-150x150.jpg\" class=\"attachment-thumbnail size-thumbnail\" alt=\"\" loading=\"lazy\" \/><\/a>\n\t\t\t<\/div><\/figure><figure class='gallery-item'>\n\t\t\t<div class='gallery-icon landscape'>\n\t\t\t\t<a href='https:\/\/startisten.de\/?attachment_id=2607'><img width=\"150\" height=\"150\" src=\"https:\/\/startisten.de\/wp-content\/uploads\/2019\/11\/aba_sketch2-150x150.jpg\" class=\"attachment-thumbnail size-thumbnail\" alt=\"\" loading=\"lazy\" \/><\/a>\n\t\t\t<\/div><\/figure><figure class='gallery-item'>\n\t\t\t<div class='gallery-icon landscape'>\n\t\t\t\t<a href='https:\/\/startisten.de\/?attachment_id=2605'><img width=\"150\" height=\"150\" src=\"https:\/\/startisten.de\/wp-content\/uploads\/2019\/11\/aba_sketch1-150x150.jpg\" class=\"attachment-thumbnail size-thumbnail\" alt=\"\" loading=\"lazy\" \/><\/a>\n\t\t\t<\/div><\/figure>\n\t\t<\/div>\n\n<div id=\"OKAYFREEDOM_INJECTED\" style=\"display: none;\"><\/div>\n<p><script async=\"\" src=\"moz-extension:\/\/27278095-acba-40ca-9c67-c829c2c7f937\/web\/libs\/ciuvo-addon-sdk.min.js\"><\/script><\/p>\n","protected":false},"excerpt":{"rendered":"<p>Programmfolge Begr\u00fc\u00dfung mit &#8222;dem&#8220; Song aus &#8222;Cabaret&#8220; Nicole Niebergall\/Ohrenschmaus Teil 1 \u2013 Gastfreundschaft Bauchredner-Ansage Alois Maier\/Ohrenschmaus K\u00f6nigsberger Kl\u00f6pschen Karola Faber + J\u00fcrgen Fr\u00f6bisch\/Startisten Ehepaar-Witz Astrid Geib, Guido Krause + Bernhard Willms\/Theater Kontrast Zimmerreservierung Reinhard Thiesmeyer + Rainer Trageser\/Startisten Teil 2 \u2013 Partnerschaft Bauchredner-Ansage Alois Maier\/Ohrenschmaus Ohrfeige Guido Baumann + S\u00f6ren Mensing\/Ohrenschmaus Fernsehabend Karola Faber + [&hellip;]<\/p>\n","protected":false},"author":1,"featured_media":0,"parent":0,"menu_order":0,"comment_status":"closed","ping_status":"closed","template":"","meta":[],"uagb_featured_image_src":{"full":false,"thumbnail":false,"medium":false,"medium_large":false,"large":false,"1536x1536":false,"2048x2048":false},"uagb_author_info":{"display_name":"wpadmin","author_link":"https:\/\/startisten.de\/?author=1"},"uagb_comment_info":0,"uagb_excerpt":"Programmfolge Begr\u00fc\u00dfung mit &#8222;dem&#8220; Song aus &#8222;Cabaret&#8220; Nicole Niebergall\/Ohrenschmaus Teil 1 \u2013 Gastfreundschaft Bauchredner-Ansage Alois Maier\/Ohrenschmaus K\u00f6nigsberger Kl\u00f6pschen Karola Faber + J\u00fcrgen Fr\u00f6bisch\/Startisten Ehepaar-Witz Astrid Geib, Guido Krause + Bernhard Willms\/Theater Kontrast Zimmerreservierung Reinhard Thiesmeyer + Rainer Trageser\/Startisten Teil 2 \u2013 Partnerschaft Bauchredner-Ansage Alois Maier\/Ohrenschmaus Ohrfeige Guido Baumann + S\u00f6ren Mensing\/Ohrenschmaus Fernsehabend Karola Faber +&hellip;","_links":{"self":[{"href":"https:\/\/startisten.de\/index.php?rest_route=\/wp\/v2\/pages\/2604"}],"collection":[{"href":"https:\/\/startisten.de\/index.php?rest_route=\/wp\/v2\/pages"}],"about":[{"href":"https:\/\/startisten.de\/index.php?rest_route=\/wp\/v2\/types\/page"}],"author":[{"embeddable":true,"href":"https:\/\/startisten.de\/index.php?rest_route=\/wp\/v2\/users\/1"}],"replies":[{"embeddable":true,"href":"https:\/\/startisten.de\/index.php?rest_route=%2Fwp%2Fv2%2Fcomments&post=2604"}],"version-history":[{"count":2,"href":"https:\/\/startisten.de\/index.php?rest_route=\/wp\/v2\/pages\/2604\/revisions"}],"predecessor-version":[{"id":2622,"href":"https:\/\/startisten.de\/index.php?rest_route=\/wp\/v2\/pages\/2604\/revisions\/2622"}],"wp:attachment":[{"href":"https:\/\/startisten.de\/index.php?rest_route=%2Fwp%2Fv2%2Fmedia&parent=2604"}],"curies":[{"name":"wp","href":"https:\/\/api.w.org\/{rel}","templated":true}]}}