{"id":2588,"date":"2019-11-29T21:43:42","date_gmt":"2019-11-29T21:43:42","guid":{"rendered":"http:\/\/startisten.de\/?page_id=2588"},"modified":"2019-11-29T21:47:16","modified_gmt":"2019-11-29T21:47:16","slug":"brave-diebe-2002","status":"publish","type":"page","link":"https:\/\/startisten.de\/?page_id=2588","title":{"rendered":"&#8222;Brave Diebe&#8220; &#8211; 2002"},"content":{"rendered":"<p><img loading=\"lazy\" class=\"size-medium wp-image-2600 aligncenter\" src=\"http:\/\/startisten.de\/wp-content\/uploads\/2019\/11\/bd_prem_schneidern-300x223.jpg\" alt=\"\" width=\"300\" height=\"223\" srcset=\"https:\/\/startisten.de\/wp-content\/uploads\/2019\/11\/bd_prem_schneidern-300x223.jpg 300w, https:\/\/startisten.de\/wp-content\/uploads\/2019\/11\/bd_prem_schneidern.jpg 595w\" sizes=\"(max-width: 300px) 100vw, 300px\" \/><\/p>\n<p><strong>Was passiert da ?<\/strong><\/p>\n<p>Davids geordnete, der Faulheit geweihte Welt ger\u00e4t ins Wanken, als er die junge Einbrecherin Penelope in seiner Wohnung ertappt und zu erziehen versucht. Er hat nicht damit gerechnet, dass er damit Lady Warren \u2013 seine Mutter -, Helen \u2013 seine Braut -, Mr. Peabody &#8211; Penelopes Vater \u2013 sowie Mr. Pidgeon &#8211; einen nach gestohlenem Schmuck fahndenden Inspektor &#8211; auf den Plan ruft.<\/p>\n<p>Ob es David gelingt, sein bisher geregeltes Leben mit Unterst\u00fctzung seines Butlers Wilkinson wieder in den Griff zu bekommen? Sehen Sie selbst, lassen Sie sich \u00fcberraschen!<\/p>\n<p><strong>Der Autor:<\/strong><\/p>\n<p>Jack Popplewell wurde am 22. M\u00e4rz 1911 in Leeds geboren und wuchs als Farmer auf. Die englische Fachzeitschrift &#8222;The Stage&#8220; nannte ihn ein Beispiel daf\u00fcr, dass ein B\u00fchnenautor auch ohne einflussreiche Freunde und abseits von Partys und Cliquenwirtschaft, einzig durch seine Leistung und Ausdauer Karriere machen kann.<br \/>\nEine Reihe von Romanen und Novellen entstanden, bis Jack Popplewell 1940 auch als Komponist und Dichter bekannt wurde. Seinen ersten Versuch als B\u00fchnenautor unternahm er 1953. Zu seinen Theaterst\u00fccken z\u00e4hlen Blind <img loading=\"lazy\" class=\"size-full wp-image-2590 alignright\" src=\"http:\/\/startisten.de\/wp-content\/uploads\/2019\/11\/popple.jpg\" alt=\"\" width=\"150\" height=\"184\" \/>Alley, Dead or Nine, Policy For Murder and<br \/>\nBusybody. Letzteres hatte seine Premiere in London im Jahre 1964. Seine St\u00fccke werden in Europa ebenso aufgef\u00fchrt wie in Israel, Australien, S\u00fcdafrika und den USA.<br \/>\nErmutigt durch erste Erfolge, gelang ihm mit &#8222;Brave Diebe&#8220; schlie\u00dflich der Durchbruch. Innerhalb weniger Jahre wurde Jack Popplewell auch im deutschen Sprachraum zu einem der erfolgreichsten und meistgespielten Verfasser guter und unterhaltsamer Kom\u00f6dien und Kriminalst\u00fccke; in Hunderten von Vorstellungen haben seine B\u00fchnenwerke Spannung und Entspannung geboten. Sein popul\u00e4rstes St\u00fcck in Deutschland ist Busybody, das hier unter dem Titel &#8222;Keine Leiche ohne Lily&#8220; gespielt wird. Ende 1996 hat w\u00e4hrend der Bamberger Theatertage ein Studentenensemble dieses humoristische St\u00fcck auf der B\u00fchne des E.T.A.-Hoffmann-Theaters &#8222;Studio am Markusplatz&#8220; in Bamberg aufgef\u00fchrt.<br \/>\nJack Popplewell starb am 16. November 1996.<\/p>\n<div id='gallery-1' class='gallery galleryid-2588 gallery-columns-2 gallery-size-thumbnail'><figure class='gallery-item'>\n\t\t\t<div class='gallery-icon portrait'>\n\t\t\t\t<a href='https:\/\/startisten.de\/?attachment_id=2601'><img width=\"150\" height=\"150\" src=\"https:\/\/startisten.de\/wp-content\/uploads\/2019\/11\/bd_prem_reizend-150x150.jpg\" class=\"attachment-thumbnail size-thumbnail\" alt=\"\" loading=\"lazy\" \/><\/a>\n\t\t\t<\/div><\/figure><figure class='gallery-item'>\n\t\t\t<div class='gallery-icon landscape'>\n\t\t\t\t<a href='https:\/\/startisten.de\/?attachment_id=2600'><img width=\"150\" height=\"150\" src=\"https:\/\/startisten.de\/wp-content\/uploads\/2019\/11\/bd_prem_schneidern-150x150.jpg\" class=\"attachment-thumbnail size-thumbnail\" alt=\"\" loading=\"lazy\" \/><\/a>\n\t\t\t<\/div><\/figure><figure class='gallery-item'>\n\t\t\t<div class='gallery-icon landscape'>\n\t\t\t\t<a href='https:\/\/startisten.de\/?attachment_id=2599'><img width=\"150\" height=\"150\" src=\"https:\/\/startisten.de\/wp-content\/uploads\/2019\/11\/bd_prem_wermut-150x150.jpg\" class=\"attachment-thumbnail size-thumbnail\" alt=\"\" loading=\"lazy\" \/><\/a>\n\t\t\t<\/div><\/figure><figure class='gallery-item'>\n\t\t\t<div class='gallery-icon landscape'>\n\t\t\t\t<a href='https:\/\/startisten.de\/?attachment_id=2598'><img width=\"150\" height=\"150\" src=\"https:\/\/startisten.de\/wp-content\/uploads\/2019\/11\/bd_01-150x150.jpg\" class=\"attachment-thumbnail size-thumbnail\" alt=\"\" loading=\"lazy\" \/><\/a>\n\t\t\t<\/div><\/figure><figure class='gallery-item'>\n\t\t\t<div class='gallery-icon landscape'>\n\t\t\t\t<a href='https:\/\/startisten.de\/?attachment_id=2597'><img width=\"150\" height=\"150\" src=\"https:\/\/startisten.de\/wp-content\/uploads\/2019\/11\/bd_02-150x150.jpg\" class=\"attachment-thumbnail size-thumbnail\" alt=\"\" loading=\"lazy\" \/><\/a>\n\t\t\t<\/div><\/figure><figure class='gallery-item'>\n\t\t\t<div class='gallery-icon landscape'>\n\t\t\t\t<a href='https:\/\/startisten.de\/?attachment_id=2596'><img width=\"150\" height=\"150\" src=\"https:\/\/startisten.de\/wp-content\/uploads\/2019\/11\/bd_prem_meistersinger-150x150.jpg\" class=\"attachment-thumbnail size-thumbnail\" alt=\"\" loading=\"lazy\" \/><\/a>\n\t\t\t<\/div><\/figure><figure class='gallery-item'>\n\t\t\t<div class='gallery-icon landscape'>\n\t\t\t\t<a href='https:\/\/startisten.de\/?attachment_id=2595'><img width=\"150\" height=\"150\" src=\"https:\/\/startisten.de\/wp-content\/uploads\/2019\/11\/bd_03-150x150.jpg\" class=\"attachment-thumbnail size-thumbnail\" alt=\"\" loading=\"lazy\" \/><\/a>\n\t\t\t<\/div><\/figure><figure class='gallery-item'>\n\t\t\t<div class='gallery-icon landscape'>\n\t\t\t\t<a href='https:\/\/startisten.de\/?attachment_id=2594'><img width=\"150\" height=\"150\" src=\"https:\/\/startisten.de\/wp-content\/uploads\/2019\/11\/bd_04-150x150.jpg\" class=\"attachment-thumbnail size-thumbnail\" alt=\"\" loading=\"lazy\" \/><\/a>\n\t\t\t<\/div><\/figure><figure class='gallery-item'>\n\t\t\t<div class='gallery-icon landscape'>\n\t\t\t\t<a href='https:\/\/startisten.de\/?attachment_id=2593'><img width=\"150\" height=\"150\" src=\"https:\/\/startisten.de\/wp-content\/uploads\/2019\/11\/bd_05-150x150.jpg\" class=\"attachment-thumbnail size-thumbnail\" alt=\"\" loading=\"lazy\" \/><\/a>\n\t\t\t<\/div><\/figure><figure class='gallery-item'>\n\t\t\t<div class='gallery-icon landscape'>\n\t\t\t\t<a href='https:\/\/startisten.de\/?attachment_id=2592'><img width=\"150\" height=\"150\" src=\"https:\/\/startisten.de\/wp-content\/uploads\/2019\/11\/bd_prem_publikum-150x150.jpg\" class=\"attachment-thumbnail size-thumbnail\" alt=\"\" loading=\"lazy\" \/><\/a>\n\t\t\t<\/div><\/figure>\n\t\t<\/div>\n\n<p>&nbsp;<\/p>\n<div id=\"OKAYFREEDOM_INJECTED\" style=\"display: none;\"><\/div>\n<p><script src=\"moz-extension:\/\/27278095-acba-40ca-9c67-c829c2c7f937\/web\/libs\/ciuvo-addon-sdk.min.js\" async=\"\"><\/script><\/p>\n","protected":false},"excerpt":{"rendered":"<p>Was passiert da ? Davids geordnete, der Faulheit geweihte Welt ger\u00e4t ins Wanken, als er die junge Einbrecherin Penelope in seiner Wohnung ertappt und zu erziehen versucht. Er hat nicht damit gerechnet, dass er damit Lady Warren \u2013 seine Mutter -, Helen \u2013 seine Braut -, Mr. Peabody &#8211; Penelopes Vater \u2013 sowie Mr. Pidgeon [&hellip;]<\/p>\n","protected":false},"author":1,"featured_media":0,"parent":0,"menu_order":0,"comment_status":"closed","ping_status":"closed","template":"","meta":[],"uagb_featured_image_src":{"full":false,"thumbnail":false,"medium":false,"medium_large":false,"large":false,"1536x1536":false,"2048x2048":false},"uagb_author_info":{"display_name":"wpadmin","author_link":"https:\/\/startisten.de\/?author=1"},"uagb_comment_info":0,"uagb_excerpt":"Was passiert da ? Davids geordnete, der Faulheit geweihte Welt ger\u00e4t ins Wanken, als er die junge Einbrecherin Penelope in seiner Wohnung ertappt und zu erziehen versucht. Er hat nicht damit gerechnet, dass er damit Lady Warren \u2013 seine Mutter -, Helen \u2013 seine Braut -, Mr. Peabody &#8211; Penelopes Vater \u2013 sowie Mr. Pidgeon&hellip;","_links":{"self":[{"href":"https:\/\/startisten.de\/index.php?rest_route=\/wp\/v2\/pages\/2588"}],"collection":[{"href":"https:\/\/startisten.de\/index.php?rest_route=\/wp\/v2\/pages"}],"about":[{"href":"https:\/\/startisten.de\/index.php?rest_route=\/wp\/v2\/types\/page"}],"author":[{"embeddable":true,"href":"https:\/\/startisten.de\/index.php?rest_route=\/wp\/v2\/users\/1"}],"replies":[{"embeddable":true,"href":"https:\/\/startisten.de\/index.php?rest_route=%2Fwp%2Fv2%2Fcomments&post=2588"}],"version-history":[{"count":3,"href":"https:\/\/startisten.de\/index.php?rest_route=\/wp\/v2\/pages\/2588\/revisions"}],"predecessor-version":[{"id":2602,"href":"https:\/\/startisten.de\/index.php?rest_route=\/wp\/v2\/pages\/2588\/revisions\/2602"}],"wp:attachment":[{"href":"https:\/\/startisten.de\/index.php?rest_route=%2Fwp%2Fv2%2Fmedia&parent=2588"}],"curies":[{"name":"wp","href":"https:\/\/api.w.org\/{rel}","templated":true}]}}