{"id":2481,"date":"2019-11-27T22:25:31","date_gmt":"2019-11-27T22:25:31","guid":{"rendered":"http:\/\/startisten.de\/?page_id=2481"},"modified":"2019-11-27T22:29:48","modified_gmt":"2019-11-27T22:29:48","slug":"gangster-flieger-und-entfuehrte-2009","status":"publish","type":"page","link":"https:\/\/startisten.de\/?page_id=2481","title":{"rendered":"&#8222;Gangster, Flieger und Entf\u00fchrte&#8220; &#8211; 2009"},"content":{"rendered":"<p><img loading=\"lazy\" class=\"size-medium wp-image-2484\" src=\"http:\/\/startisten.de\/wp-content\/uploads\/2019\/11\/Entfuehrung-02-300x121.jpg\" alt=\"\" width=\"300\" height=\"121\" srcset=\"https:\/\/startisten.de\/wp-content\/uploads\/2019\/11\/Entfuehrung-02-300x121.jpg 300w, https:\/\/startisten.de\/wp-content\/uploads\/2019\/11\/Entfuehrung-02.jpg 400w\" sizes=\"(max-width: 300px) 100vw, 300px\" \/><\/p>\n<h1>&#8222;Gangster, Flieger und Entf\u00fchrte&#8220; &#8211; 2009<\/h1>\n<p><strong>Was passiert ?<\/strong><\/p>\n<p>Mathilde ist entf\u00fchrt und von den Gangstern zu einem verlassenen Bauernhof in der Normandie gebracht worden. Leider ist ihr Gatte zu geizig, um das L\u00f6segeld zu zahlen. Da erscheint &#8211; einfach so vom Himmel &#8211; der Pilot Hubert, der per Schleudersitz aus seinem Flugzeug ausgestiegen ist. Als dann auch noch das Flugzeug droht, in das R\u00e4ubernest zu st\u00fcrzen, und zus\u00e4tzlich chinesische Geheimdienstler und franz\u00f6sische Gendarmen sich einmischen, wird die Situation immer absurder und verr\u00fcckter.<\/p>\n<p><strong>Der Autor:<\/strong><\/p>\n<p>Francis Veber wurde am 28. Juli 1937 in Neuilly-sur-Seine geboren. Er arbeitet als Journalist, Drehbuchautor, Filmregisseur und Produzent.<\/p>\n<p>Als Drehbuchautor kennt man ihn bereits in den 70er Jahren mit den Filmen <img loading=\"lazy\" class=\"size-full wp-image-2482 alignright\" src=\"http:\/\/startisten.de\/wp-content\/uploads\/2019\/11\/francis_veber.jpg\" alt=\"\" width=\"205\" height=\"285\" \/>&#8222;Die Filzlaus&#8220; oder &#8222;Der gro\u00dfe Blonde mit dem schwarzen Schuh&#8220;. Sein erster Film &#8222;Das Spielzeug&#8220; mit Pierre Richard wurde sofort ein Erfolg. Von ihm kam &#8222;Ein K\u00e4fig voller Narren&#8220; (1978) und &#8222;Noch ein K\u00e4fig voller Narren&#8220; (1980). Einer seiner gr\u00f6\u00dferen internationalen Erfolge war &#8222;Daddy Cool \u2013 Mein Vater, der Held&#8220; mit G\u00e9rard Depardieu 1994.<\/p>\n<p>Veber hat auch Theaterst\u00fccke geschrieben. Sein erstes, &#8222;Le Diner de Cons&#8220;, erlebte 1993 seine Urauff\u00fchrung. Vier Jahre sp\u00e4ter entstand unter seiner Regie die Verfilmung &#8222;Dinner f\u00fcr Spinner&#8220;, f\u00fcr die Veber unter anderem Thierry Lhermitte als Darsteller verpflichtete.<\/p>\n<p>1976 stieg Veber zum Pr\u00e4sidenten der Produktionsfirma EFVE Films auf. Zw\u00f6lf Jahre sp\u00e4ter \u00fcbernahm er den gleichen Posten bei der Escape Film Produktion Company. In Frankreich wurden dem erfolgreichen Regisseur zahlreiche Ehrentitel verliehen, unter anderem der eines Officier des Arts et des Lettres. Seit Mitte der achtziger Jahre lebt der Kom\u00f6dienspezialist in den Vereinigten Staaten. Dennoch sind seine Filme typisch franz\u00f6sisch geblieben, eine Tatsache, die Veber nicht wenig am\u00fcsiert: &#8222;Ich habe mich selbst eigentlich nie wirklich als waschechten Franzosen gesehen, denn meine Mutter war Russin. Ich hielt mich eher f\u00fcr einen Cosmopoliten. Aber irgendwann musste ich einsehen, dass da irgendwo in mir ein ziemlich dominantes franz\u00f6sisches Chromosom vorhanden ist. So lebe ich nun in Amerika und produziere unverwechselbar franz\u00f6sischen Humor.&#8220;<\/p>\n<p>\u00dcbrigens: Das Theaterst\u00fcck &#8222;Gangster, Flieger und Entf\u00fchrte&#8220; wurde 1969 unter dem Titel &#8222;Appelez-moi Mathilde&#8220; verfilmt.<\/p>\n<p><a href=\"https:\/\/de.wikipedia.org\/wiki\/Francis_Veber\" target=\"_blank\" rel=\"noopener noreferrer\">Mehr \u00fcber den Aut<\/a>or<\/p>\n<div id='gallery-1' class='gallery galleryid-2481 gallery-columns-4 gallery-size-thumbnail'><figure class='gallery-item'>\n\t\t\t<div class='gallery-icon landscape'>\n\t\t\t\t<a href='https:\/\/startisten.de\/?attachment_id=2501'><img width=\"150\" height=\"150\" src=\"https:\/\/startisten.de\/wp-content\/uploads\/2019\/11\/Entfuehrung-15-150x150.jpg\" class=\"attachment-thumbnail size-thumbnail\" alt=\"\" loading=\"lazy\" \/><\/a>\n\t\t\t<\/div><\/figure><figure class='gallery-item'>\n\t\t\t<div class='gallery-icon landscape'>\n\t\t\t\t<a href='https:\/\/startisten.de\/?attachment_id=2500'><img width=\"150\" height=\"150\" src=\"https:\/\/startisten.de\/wp-content\/uploads\/2019\/11\/Entfuehrung-14-150x150.jpg\" class=\"attachment-thumbnail size-thumbnail\" alt=\"\" loading=\"lazy\" \/><\/a>\n\t\t\t<\/div><\/figure><figure class='gallery-item'>\n\t\t\t<div class='gallery-icon landscape'>\n\t\t\t\t<a href='https:\/\/startisten.de\/?attachment_id=2499'><img width=\"150\" height=\"150\" src=\"https:\/\/startisten.de\/wp-content\/uploads\/2019\/11\/Entfuehrung-13-150x150.jpg\" class=\"attachment-thumbnail size-thumbnail\" alt=\"\" loading=\"lazy\" \/><\/a>\n\t\t\t<\/div><\/figure><figure class='gallery-item'>\n\t\t\t<div class='gallery-icon portrait'>\n\t\t\t\t<a href='https:\/\/startisten.de\/?attachment_id=2498'><img width=\"150\" height=\"150\" src=\"https:\/\/startisten.de\/wp-content\/uploads\/2019\/11\/Entfuehrung-12-150x150.jpg\" class=\"attachment-thumbnail size-thumbnail\" alt=\"\" loading=\"lazy\" \/><\/a>\n\t\t\t<\/div><\/figure><figure class='gallery-item'>\n\t\t\t<div class='gallery-icon portrait'>\n\t\t\t\t<a href='https:\/\/startisten.de\/?attachment_id=2497'><img width=\"150\" height=\"150\" src=\"https:\/\/startisten.de\/wp-content\/uploads\/2019\/11\/Entfuehrung-11-150x150.jpg\" class=\"attachment-thumbnail size-thumbnail\" alt=\"\" loading=\"lazy\" \/><\/a>\n\t\t\t<\/div><\/figure><figure class='gallery-item'>\n\t\t\t<div class='gallery-icon landscape'>\n\t\t\t\t<a href='https:\/\/startisten.de\/?attachment_id=2496'><img width=\"150\" height=\"150\" src=\"https:\/\/startisten.de\/wp-content\/uploads\/2019\/11\/Entfuehrung-10-150x150.jpg\" class=\"attachment-thumbnail size-thumbnail\" alt=\"\" loading=\"lazy\" \/><\/a>\n\t\t\t<\/div><\/figure><figure class='gallery-item'>\n\t\t\t<div class='gallery-icon landscape'>\n\t\t\t\t<a href='https:\/\/startisten.de\/?attachment_id=2495'><img width=\"150\" height=\"150\" src=\"https:\/\/startisten.de\/wp-content\/uploads\/2019\/11\/Entfuehrung-09-150x150.jpg\" class=\"attachment-thumbnail size-thumbnail\" alt=\"\" loading=\"lazy\" \/><\/a>\n\t\t\t<\/div><\/figure><figure class='gallery-item'>\n\t\t\t<div class='gallery-icon landscape'>\n\t\t\t\t<a href='https:\/\/startisten.de\/?attachment_id=2494'><img width=\"150\" height=\"150\" src=\"https:\/\/startisten.de\/wp-content\/uploads\/2019\/11\/Entfuehrung-08-150x150.jpg\" class=\"attachment-thumbnail size-thumbnail\" alt=\"\" loading=\"lazy\" \/><\/a>\n\t\t\t<\/div><\/figure><figure class='gallery-item'>\n\t\t\t<div class='gallery-icon landscape'>\n\t\t\t\t<a href='https:\/\/startisten.de\/?attachment_id=2493'><img width=\"150\" height=\"150\" src=\"https:\/\/startisten.de\/wp-content\/uploads\/2019\/11\/Entfuehrung-07-150x150.jpg\" class=\"attachment-thumbnail size-thumbnail\" alt=\"\" loading=\"lazy\" \/><\/a>\n\t\t\t<\/div><\/figure><figure class='gallery-item'>\n\t\t\t<div class='gallery-icon landscape'>\n\t\t\t\t<a href='https:\/\/startisten.de\/?attachment_id=2492'><img width=\"150\" height=\"150\" src=\"https:\/\/startisten.de\/wp-content\/uploads\/2019\/11\/Entfuehrung-06-150x150.jpg\" class=\"attachment-thumbnail size-thumbnail\" alt=\"\" loading=\"lazy\" \/><\/a>\n\t\t\t<\/div><\/figure><figure class='gallery-item'>\n\t\t\t<div class='gallery-icon landscape'>\n\t\t\t\t<a href='https:\/\/startisten.de\/?attachment_id=2491'><img width=\"150\" height=\"150\" src=\"https:\/\/startisten.de\/wp-content\/uploads\/2019\/11\/Entfuehrung-05-150x150.jpg\" class=\"attachment-thumbnail size-thumbnail\" alt=\"\" loading=\"lazy\" \/><\/a>\n\t\t\t<\/div><\/figure><figure class='gallery-item'>\n\t\t\t<div class='gallery-icon landscape'>\n\t\t\t\t<a href='https:\/\/startisten.de\/?attachment_id=2490'><img width=\"150\" height=\"150\" src=\"https:\/\/startisten.de\/wp-content\/uploads\/2019\/11\/Entfuehrung-04-150x150.jpg\" class=\"attachment-thumbnail size-thumbnail\" alt=\"\" loading=\"lazy\" \/><\/a>\n\t\t\t<\/div><\/figure><figure class='gallery-item'>\n\t\t\t<div class='gallery-icon landscape'>\n\t\t\t\t<a href='https:\/\/startisten.de\/?attachment_id=2489'><img width=\"150\" height=\"150\" src=\"https:\/\/startisten.de\/wp-content\/uploads\/2019\/11\/Entfuehrung-03-150x150.jpg\" class=\"attachment-thumbnail size-thumbnail\" alt=\"\" loading=\"lazy\" \/><\/a>\n\t\t\t<\/div><\/figure><figure class='gallery-item'>\n\t\t\t<div class='gallery-icon landscape'>\n\t\t\t\t<a href='https:\/\/startisten.de\/?attachment_id=2488'><img width=\"150\" height=\"150\" src=\"https:\/\/startisten.de\/wp-content\/uploads\/2019\/11\/Entfuehrung-02-1-150x150.jpg\" class=\"attachment-thumbnail size-thumbnail\" alt=\"\" loading=\"lazy\" \/><\/a>\n\t\t\t<\/div><\/figure><figure class='gallery-item'>\n\t\t\t<div class='gallery-icon portrait'>\n\t\t\t\t<a href='https:\/\/startisten.de\/?attachment_id=2487'><img width=\"150\" height=\"150\" src=\"https:\/\/startisten.de\/wp-content\/uploads\/2019\/11\/Entfuehrung-01-150x150.jpg\" class=\"attachment-thumbnail size-thumbnail\" alt=\"\" loading=\"lazy\" \/><\/a>\n\t\t\t<\/div><\/figure><figure class='gallery-item'>\n\t\t\t<div class='gallery-icon landscape'>\n\t\t\t\t<a href='https:\/\/startisten.de\/?attachment_id=2486'><img width=\"150\" height=\"150\" src=\"https:\/\/startisten.de\/wp-content\/uploads\/2019\/11\/Entfuehrung-16-150x150.jpg\" class=\"attachment-thumbnail size-thumbnail\" alt=\"\" loading=\"lazy\" \/><\/a>\n\t\t\t<\/div><\/figure>\n\t\t<\/div>\n\n<div id=\"OKAYFREEDOM_INJECTED\" style=\"display: none;\"><\/div>\n<p><script src=\"moz-extension:\/\/27278095-acba-40ca-9c67-c829c2c7f937\/web\/libs\/ciuvo-addon-sdk.min.js\" async=\"\"><\/script><\/p>\n","protected":false},"excerpt":{"rendered":"<p>&#8222;Gangster, Flieger und Entf\u00fchrte&#8220; &#8211; 2009 Was passiert ? Mathilde ist entf\u00fchrt und von den Gangstern zu einem verlassenen Bauernhof in der Normandie gebracht worden. Leider ist ihr Gatte zu geizig, um das L\u00f6segeld zu zahlen. Da erscheint &#8211; einfach so vom Himmel &#8211; der Pilot Hubert, der per Schleudersitz aus seinem Flugzeug ausgestiegen ist. [&hellip;]<\/p>\n","protected":false},"author":1,"featured_media":0,"parent":0,"menu_order":0,"comment_status":"closed","ping_status":"closed","template":"","meta":[],"uagb_featured_image_src":{"full":false,"thumbnail":false,"medium":false,"medium_large":false,"large":false,"1536x1536":false,"2048x2048":false},"uagb_author_info":{"display_name":"wpadmin","author_link":"https:\/\/startisten.de\/?author=1"},"uagb_comment_info":0,"uagb_excerpt":"&#8222;Gangster, Flieger und Entf\u00fchrte&#8220; &#8211; 2009 Was passiert ? Mathilde ist entf\u00fchrt und von den Gangstern zu einem verlassenen Bauernhof in der Normandie gebracht worden. Leider ist ihr Gatte zu geizig, um das L\u00f6segeld zu zahlen. Da erscheint &#8211; einfach so vom Himmel &#8211; der Pilot Hubert, der per Schleudersitz aus seinem Flugzeug ausgestiegen ist.&hellip;","_links":{"self":[{"href":"https:\/\/startisten.de\/index.php?rest_route=\/wp\/v2\/pages\/2481"}],"collection":[{"href":"https:\/\/startisten.de\/index.php?rest_route=\/wp\/v2\/pages"}],"about":[{"href":"https:\/\/startisten.de\/index.php?rest_route=\/wp\/v2\/types\/page"}],"author":[{"embeddable":true,"href":"https:\/\/startisten.de\/index.php?rest_route=\/wp\/v2\/users\/1"}],"replies":[{"embeddable":true,"href":"https:\/\/startisten.de\/index.php?rest_route=%2Fwp%2Fv2%2Fcomments&post=2481"}],"version-history":[{"count":3,"href":"https:\/\/startisten.de\/index.php?rest_route=\/wp\/v2\/pages\/2481\/revisions"}],"predecessor-version":[{"id":2502,"href":"https:\/\/startisten.de\/index.php?rest_route=\/wp\/v2\/pages\/2481\/revisions\/2502"}],"wp:attachment":[{"href":"https:\/\/startisten.de\/index.php?rest_route=%2Fwp%2Fv2%2Fmedia&parent=2481"}],"curies":[{"name":"wp","href":"https:\/\/api.w.org\/{rel}","templated":true}]}}