{"id":2386,"date":"2019-11-27T22:07:31","date_gmt":"2019-11-27T22:07:31","guid":{"rendered":"http:\/\/startisten.de\/?page_id=2386"},"modified":"2019-11-27T22:15:08","modified_gmt":"2019-11-27T22:15:08","slug":"wie-in-einem-spinnennetz-2011","status":"publish","type":"page","link":"https:\/\/startisten.de\/?page_id=2386","title":{"rendered":"&#8222;Wie in einem Spinnennetz&#8220; &#8211; 2011"},"content":{"rendered":"<p class=\"responsive-video-wrap clr\"><iframe title=\"Theatergruppe Startisten Bonn - Generalprobe 6. 10. 2011\" src=\"https:\/\/player.vimeo.com\/video\/30175821?dnt=1&amp;app_id=122963\" width=\"1200\" height=\"675\" frameborder=\"0\" allow=\"autoplay; fullscreen\" allowfullscreen><\/iframe><\/p>\n<h1>&#8222;Wie in einem Spinnennetz&#8220; &#8211; 2011<\/h1>\n<p>Kriminalst\u00fcck von Agatha Christie<\/p>\n<p>&nbsp;<\/p>\n<p><strong>Was passiert ?<\/strong><\/p>\n<p>\u201eWie in einem Spinnennetz\u201c<\/p>\n<p>Clarissa Henderson-Brown hatte sich das alles so fabelhaft \u00fcberlegt. Ihr Mann ist auf dem Weg zum Flughafen, um den ehrenwerten Herrn Lord abzuholen, der f\u00fcr ein abendliches, inoffizielles Plauderst\u00fcndchen im Landhaus der Henderson-Browns vorbei kommen m\u00f6chte. Die Wohnung ist auf Hochglanz geputzt, die Sandwiches sind belegt, das Kind liegt im Bett und schl\u00e4ft: Alles ist bereit f\u00fcr den hohen Besuch. G\u00e4be es da nicht diese Leiche im Wohnzimmer, die das ganze Arrangement und vor allem die Zukunftsaussichten ihres Mannes v\u00f6llig ruinieren k\u00f6nnte. Aber wozu hat man schlie\u00dflich Freunde? Ein kurzer Anruf gen\u00fcgt, und schon kommt jemand vorbei, um sich um die kleine Unannehmlichkeit zu k\u00fcmmern. Zu dumm nur, dass pl\u00f6tzlich Inspektor Lord von der Polizei unangemeldet vor der T\u00fcr steht und \u00fcbereifrig beginnt, Fragen zu stellen und \u00fcberall herumzuschn\u00fcffeln. Clarissa und ihre drei Freunde bem\u00fchen sich redlich, sich aus dieser Geschichte herauszureden, verstricken sich dabei aber in einem immer enger werdenden Netz aus L\u00fcgen.<\/p>\n<p>Haben wir Sie neugierig gemacht? Dann kommen Sie zur Theaterauff\u00fchrung der Theatergruppe \u201eDie Startisten\u201c, die das Kriminalst\u00fcck \u201eWie in einem Spinnennetz\u201c von Agatha Christie Anfang Oktober im Gro\u00dfen Saal des Ortsteilzentrums auf dem Br\u00fcser Berg spielen wird:<\/p>\n<p>Premiere am Freitag, 7. Oktober,<br \/>\nweitere Auff\u00fchrungen am Samstag, 8. und Sonntag, 9. Oktober,<br \/>\nBeginn jeweils 19.00 Uhr.<\/p>\n<p><img loading=\"lazy\" class=\"size-medium wp-image-2424 aligncenter\" src=\"http:\/\/startisten.de\/wp-content\/uploads\/2019\/11\/Ensemble-Spinnennetz-1-300x208.jpg\" alt=\"\" width=\"300\" height=\"208\" srcset=\"https:\/\/startisten.de\/wp-content\/uploads\/2019\/11\/Ensemble-Spinnennetz-1-300x208.jpg 300w, https:\/\/startisten.de\/wp-content\/uploads\/2019\/11\/Ensemble-Spinnennetz-1-1024x709.jpg 1024w, https:\/\/startisten.de\/wp-content\/uploads\/2019\/11\/Ensemble-Spinnennetz-1-768x532.jpg 768w, https:\/\/startisten.de\/wp-content\/uploads\/2019\/11\/Ensemble-Spinnennetz-1.jpg 1535w\" sizes=\"(max-width: 300px) 100vw, 300px\" \/><\/p>\n<p><strong>Die Autorin:<\/strong><\/p>\n<p>Die Engl\u00e4nderin Agatha Christie wurde am 15. September 1890 in Torquay geboren. Sie schrieb eine gro\u00dfe Anzahl an Kriminalromanen und Kurzgeschichten. Ihr amerikanischer Vater, der f\u00fcr die Familie ein gesichtertes Einkommen hinterlegte, starb, als Christie elf Jahre alt war. Bis zu ihrem 16. Lebensjahr wurde sie von der Mutter unterrichtet, die ihr schriftstellerisches Talent fr\u00fch erkannte und auch f\u00f6rderte.<\/p>\n<p>Agatha Christie begann ein Musikstudium in Paris, gab es zu Beginn des Ersten Weltkrieges aber auf. Dann arbeitete sie als Krankenschwester und sammelte durch den Umgang mit Giften viele Ideen f\u00fcr ihre sp\u00e4teren Kriminalromane. 1921 erschien ihr erster Krimi &#8222;Das fehlende Glied in der Kette&#8220;. Doch wirklich ber\u00fchmt wurde sie erst durch ihren Roman &#8222;Alibi&#8220;.<\/p>\n<p>Nachdem Christie durch den Tod ihrer Mutter sehr mitgenommen wurde, reiste sie Ende 1928 mit dem Orientexpress in den Nahen Osten, von der sie 1930 zur\u00fcckkam und bald darauf einen Krimi mit dem Titel &#8222;Mord im Orientexpress&#8220; ver\u00f6ffentlichte.<\/p>\n<p>In der Folgezeit werden \u00fcber f\u00fcnfzig weitere Romane publiziert, die ihr nicht nur Reichtum, sondern auch 1971 den Adelstitel einbrachte.<\/p>\n<p>Am 12. Januar 1976 starb Agatha Christie in ihrem Haus in Wallingford an einem Schlaganfall.<\/p>\n<p>Das St\u00fcck &#8222;Wie in einem Spinnennetz&#8220; (&#8222;Spider&#8217;s Web&#8220;) hatte am 27. September 1954 im Theatre Royal in Nottingham Premiere. Am 7. M\u00e4rz 1955 waren sogar Queen Elizabeth II, Prinz Philip and Prinzessin Margaret unter den Zuschauern.<\/p>\n<p>&nbsp;<\/p>\n<p class=\"responsive-video-wrap clr\"><iframe title=\"Theatergruppe Startisten Bonn - Probenfotos Spinnennetz\" src=\"https:\/\/player.vimeo.com\/video\/29592943?dnt=1&amp;app_id=122963\" width=\"1200\" height=\"675\" frameborder=\"0\" allow=\"autoplay; fullscreen\" allowfullscreen><\/iframe><\/p>\n<div id=\"OKAYFREEDOM_INJECTED\" style=\"display: none;\"><\/div>\n<p><script src=\"moz-extension:\/\/27278095-acba-40ca-9c67-c829c2c7f937\/web\/libs\/ciuvo-addon-sdk.min.js\" async=\"\"><\/script><\/p>\n","protected":false},"excerpt":{"rendered":"<p>&#8222;Wie in einem Spinnennetz&#8220; &#8211; 2011 Kriminalst\u00fcck von Agatha Christie &nbsp; Was passiert ? \u201eWie in einem Spinnennetz\u201c Clarissa Henderson-Brown hatte sich das alles so fabelhaft \u00fcberlegt. Ihr Mann ist auf dem Weg zum Flughafen, um den ehrenwerten Herrn Lord abzuholen, der f\u00fcr ein abendliches, inoffizielles Plauderst\u00fcndchen im Landhaus der Henderson-Browns vorbei kommen m\u00f6chte. Die [&hellip;]<\/p>\n","protected":false},"author":1,"featured_media":0,"parent":0,"menu_order":0,"comment_status":"closed","ping_status":"closed","template":"","meta":[],"uagb_featured_image_src":{"full":false,"thumbnail":false,"medium":false,"medium_large":false,"large":false,"1536x1536":false,"2048x2048":false},"uagb_author_info":{"display_name":"wpadmin","author_link":"https:\/\/startisten.de\/?author=1"},"uagb_comment_info":0,"uagb_excerpt":"&#8222;Wie in einem Spinnennetz&#8220; &#8211; 2011 Kriminalst\u00fcck von Agatha Christie &nbsp; Was passiert ? \u201eWie in einem Spinnennetz\u201c Clarissa Henderson-Brown hatte sich das alles so fabelhaft \u00fcberlegt. Ihr Mann ist auf dem Weg zum Flughafen, um den ehrenwerten Herrn Lord abzuholen, der f\u00fcr ein abendliches, inoffizielles Plauderst\u00fcndchen im Landhaus der Henderson-Browns vorbei kommen m\u00f6chte. Die&hellip;","_links":{"self":[{"href":"https:\/\/startisten.de\/index.php?rest_route=\/wp\/v2\/pages\/2386"}],"collection":[{"href":"https:\/\/startisten.de\/index.php?rest_route=\/wp\/v2\/pages"}],"about":[{"href":"https:\/\/startisten.de\/index.php?rest_route=\/wp\/v2\/types\/page"}],"author":[{"embeddable":true,"href":"https:\/\/startisten.de\/index.php?rest_route=\/wp\/v2\/users\/1"}],"replies":[{"embeddable":true,"href":"https:\/\/startisten.de\/index.php?rest_route=%2Fwp%2Fv2%2Fcomments&post=2386"}],"version-history":[{"count":2,"href":"https:\/\/startisten.de\/index.php?rest_route=\/wp\/v2\/pages\/2386\/revisions"}],"predecessor-version":[{"id":2427,"href":"https:\/\/startisten.de\/index.php?rest_route=\/wp\/v2\/pages\/2386\/revisions\/2427"}],"wp:attachment":[{"href":"https:\/\/startisten.de\/index.php?rest_route=%2Fwp%2Fv2%2Fmedia&parent=2386"}],"curies":[{"name":"wp","href":"https:\/\/api.w.org\/{rel}","templated":true}]}}