{"id":2369,"date":"2019-11-27T22:02:33","date_gmt":"2019-11-27T22:02:33","guid":{"rendered":"http:\/\/startisten.de\/?page_id=2369"},"modified":"2019-11-27T22:20:29","modified_gmt":"2019-11-27T22:20:29","slug":"keine-leiche-fuer-grigou-2013","status":"publish","type":"page","link":"https:\/\/startisten.de\/?page_id=2369","title":{"rendered":"&#8222;(K)eine Leiche f\u00fcr Grigou&#8220; &#8211; 2013"},"content":{"rendered":"<h1><img loading=\"lazy\" class=\"alignnone size-full wp-image-2456\" src=\"http:\/\/startisten.de\/wp-content\/uploads\/2019\/11\/Marcelle-2_02.jpg\" alt=\"\" width=\"264\" height=\"241\" \/><\/h1>\n<h1>&#8222;(K)eine Leiche f\u00fcr Grigou&#8220; &#8211; 2013<\/h1>\n<p>Eine Gaunerkom\u00f6die in vier Akten von Alain Reynaud-Fourton<\/p>\n<p>Was passiert ?<\/p>\n<p>Freuen Sie sich auf einen vergn\u00fcglichen Theaterabend im November. In diesem turbulenten St\u00fcck von Alain Reynaud-Fourton geht es um eine Entf\u00fchrung und irgendwie auch um eine Leiche, die aber dann doch eigentlich gar keine Leiche ist.<\/p>\n<p>Drei nicht ganz so erfolgreiche Ganoven \u2013 Luc, Riton und Banania \u2013 entf\u00fchren aus Versehen die falsche Frau: Marcelle, Gattin eines Autoh\u00e4ndlers. Mit ihr haben die drei ihre liebe Not. Denn die temperamentvolle Dame ist nicht gerade auf den Mund gefallen, und schlagfertig ist sie auch \u2013 nicht nur mit Worten. Obwohl sie die Falsche erwischt haben, wollen sie auf ein L\u00f6segeld nat\u00fcrlich nicht verzichten. Und so rufen sie Gregor Goujon an, Marcelles reichen, aber auch immer geldbed\u00fcrftigen Ehemann. Dieser lehnt es jedoch kategorisch ab, auch nur einen Sou f\u00fcr seine Gattin zu bezahlen, es sei denn \u2026.<\/p>\n<p>Mehr wollen wir an dieser Stelle noch nicht verraten. Wenn Sie wissen wollen, wie\u2019s weitergeht mit dem Ganoventrio, dem Ehepaar Goujon, einer v\u00f6llig normalen Psychiaterin und einer verm\u00f6genden Zwillingschwester, dann kommen Sie zur Theaterauff\u00fchrung der Startisten. Wir freuen uns auf Sie!<\/p>\n<p>Premiere ist am Samstag, 16. November 2013.<br \/>\nWeitere Auff\u00fchrungen gibt es am Sonntag, 17., Freitag, 22., und Samstag, 23. November.<br \/>\nBeginn ist jeweils um 19 Uhr im Gro\u00dfen Saal des Ortsteilzentrums, Fahrenheitstr. 49, Bonn (Br\u00fcser Berg).<\/p>\n<div id='gallery-1' class='gallery galleryid-2369 gallery-columns-2 gallery-size-thumbnail'><figure class='gallery-item'>\n\t\t\t<div class='gallery-icon landscape'>\n\t\t\t\t<a href='https:\/\/startisten.de\/?attachment_id=2457'><img width=\"150\" height=\"150\" src=\"https:\/\/startisten.de\/wp-content\/uploads\/2019\/11\/Marcelle-9-150x150.jpg\" class=\"attachment-thumbnail size-thumbnail\" alt=\"\" loading=\"lazy\" \/><\/a>\n\t\t\t<\/div><\/figure><figure class='gallery-item'>\n\t\t\t<div class='gallery-icon landscape'>\n\t\t\t\t<a href='https:\/\/startisten.de\/?attachment_id=2458'><img width=\"150\" height=\"150\" src=\"https:\/\/startisten.de\/wp-content\/uploads\/2019\/11\/Marcelle-10-150x150.jpg\" class=\"attachment-thumbnail size-thumbnail\" alt=\"\" loading=\"lazy\" \/><\/a>\n\t\t\t<\/div><\/figure><figure class='gallery-item'>\n\t\t\t<div class='gallery-icon landscape'>\n\t\t\t\t<a href='https:\/\/startisten.de\/?attachment_id=2460'><img width=\"150\" height=\"150\" src=\"https:\/\/startisten.de\/wp-content\/uploads\/2019\/11\/Marcelle-11-150x150.jpg\" class=\"attachment-thumbnail size-thumbnail\" alt=\"\" loading=\"lazy\" \/><\/a>\n\t\t\t<\/div><\/figure><figure class='gallery-item'>\n\t\t\t<div class='gallery-icon landscape'>\n\t\t\t\t<a href='https:\/\/startisten.de\/?attachment_id=2461'><img width=\"150\" height=\"150\" src=\"https:\/\/startisten.de\/wp-content\/uploads\/2019\/11\/Marcelle-12-150x150.jpg\" class=\"attachment-thumbnail size-thumbnail\" alt=\"\" loading=\"lazy\" \/><\/a>\n\t\t\t<\/div><\/figure><figure class='gallery-item'>\n\t\t\t<div class='gallery-icon landscape'>\n\t\t\t\t<a href='https:\/\/startisten.de\/?attachment_id=2462'><img width=\"150\" height=\"150\" src=\"https:\/\/startisten.de\/wp-content\/uploads\/2019\/11\/Marcelle-13-150x150.jpg\" class=\"attachment-thumbnail size-thumbnail\" alt=\"\" loading=\"lazy\" \/><\/a>\n\t\t\t<\/div><\/figure><figure class='gallery-item'>\n\t\t\t<div class='gallery-icon landscape'>\n\t\t\t\t<a href='https:\/\/startisten.de\/?attachment_id=2463'><img width=\"150\" height=\"150\" src=\"https:\/\/startisten.de\/wp-content\/uploads\/2019\/11\/marcelle-2013-am-17_11-0-150x150.jpg\" class=\"attachment-thumbnail size-thumbnail\" alt=\"\" loading=\"lazy\" \/><\/a>\n\t\t\t<\/div><\/figure><figure class='gallery-item'>\n\t\t\t<div class='gallery-icon landscape'>\n\t\t\t\t<a href='https:\/\/startisten.de\/?attachment_id=2464'><img width=\"150\" height=\"150\" src=\"https:\/\/startisten.de\/wp-content\/uploads\/2019\/11\/marcelle-2013-am-17_11-1-150x150.jpg\" class=\"attachment-thumbnail size-thumbnail\" alt=\"\" loading=\"lazy\" \/><\/a>\n\t\t\t<\/div><\/figure><figure class='gallery-item'>\n\t\t\t<div class='gallery-icon landscape'>\n\t\t\t\t<a href='https:\/\/startisten.de\/?attachment_id=2465'><img width=\"150\" height=\"150\" src=\"https:\/\/startisten.de\/wp-content\/uploads\/2019\/11\/marcelle-2013-am-17_11-2-150x150.jpg\" class=\"attachment-thumbnail size-thumbnail\" alt=\"\" loading=\"lazy\" \/><\/a>\n\t\t\t<\/div><\/figure><figure class='gallery-item'>\n\t\t\t<div class='gallery-icon landscape'>\n\t\t\t\t<a href='https:\/\/startisten.de\/?attachment_id=2466'><img width=\"150\" height=\"150\" src=\"https:\/\/startisten.de\/wp-content\/uploads\/2019\/11\/marcelle-2013-am-17_11-3-150x150.jpg\" class=\"attachment-thumbnail size-thumbnail\" alt=\"\" loading=\"lazy\" \/><\/a>\n\t\t\t<\/div><\/figure><figure class='gallery-item'>\n\t\t\t<div class='gallery-icon landscape'>\n\t\t\t\t<a href='https:\/\/startisten.de\/?attachment_id=2467'><img width=\"150\" height=\"150\" src=\"https:\/\/startisten.de\/wp-content\/uploads\/2019\/11\/marcelle-2013-am-17_11-4-150x150.jpg\" class=\"attachment-thumbnail size-thumbnail\" alt=\"\" loading=\"lazy\" \/><\/a>\n\t\t\t<\/div><\/figure><figure class='gallery-item'>\n\t\t\t<div class='gallery-icon landscape'>\n\t\t\t\t<a href='https:\/\/startisten.de\/?attachment_id=2468'><img width=\"150\" height=\"150\" src=\"https:\/\/startisten.de\/wp-content\/uploads\/2019\/11\/marcelle-2013-am-17_11-5-150x150.jpg\" class=\"attachment-thumbnail size-thumbnail\" alt=\"\" loading=\"lazy\" \/><\/a>\n\t\t\t<\/div><\/figure><figure class='gallery-item'>\n\t\t\t<div class='gallery-icon landscape'>\n\t\t\t\t<a href='https:\/\/startisten.de\/?attachment_id=2469'><img width=\"150\" height=\"150\" src=\"https:\/\/startisten.de\/wp-content\/uploads\/2019\/11\/Marcelle-Applaus-Vorspann-150x150.jpg\" class=\"attachment-thumbnail size-thumbnail\" alt=\"\" loading=\"lazy\" \/><\/a>\n\t\t\t<\/div><\/figure><figure class='gallery-item'>\n\t\t\t<div class='gallery-icon landscape'>\n\t\t\t\t<a href='https:\/\/startisten.de\/?attachment_id=2470'><img width=\"150\" height=\"69\" src=\"https:\/\/startisten.de\/wp-content\/uploads\/2019\/11\/Marcelle-Bilder-Teaser-Homepage-150x69.jpg\" class=\"attachment-thumbnail size-thumbnail\" alt=\"\" loading=\"lazy\" \/><\/a>\n\t\t\t<\/div><\/figure><figure class='gallery-item'>\n\t\t\t<div class='gallery-icon portrait'>\n\t\t\t\t<a href='https:\/\/startisten.de\/?attachment_id=2471'><img width=\"150\" height=\"150\" src=\"https:\/\/startisten.de\/wp-content\/uploads\/2019\/11\/Marcelle-0-150x150.jpg\" class=\"attachment-thumbnail size-thumbnail\" alt=\"\" loading=\"lazy\" \/><\/a>\n\t\t\t<\/div><\/figure><figure class='gallery-item'>\n\t\t\t<div class='gallery-icon landscape'>\n\t\t\t\t<a href='https:\/\/startisten.de\/?attachment_id=2472'><img width=\"150\" height=\"150\" src=\"https:\/\/startisten.de\/wp-content\/uploads\/2019\/11\/Marcelle-1-150x150.jpg\" class=\"attachment-thumbnail size-thumbnail\" alt=\"\" loading=\"lazy\" \/><\/a>\n\t\t\t<\/div><\/figure><figure class='gallery-item'>\n\t\t\t<div class='gallery-icon landscape'>\n\t\t\t\t<a href='https:\/\/startisten.de\/?attachment_id=2473'><img width=\"150\" height=\"150\" src=\"https:\/\/startisten.de\/wp-content\/uploads\/2019\/11\/Marcelle-2_02-1-150x150.jpg\" class=\"attachment-thumbnail size-thumbnail\" alt=\"\" loading=\"lazy\" \/><\/a>\n\t\t\t<\/div><\/figure><figure class='gallery-item'>\n\t\t\t<div class='gallery-icon landscape'>\n\t\t\t\t<a href='https:\/\/startisten.de\/?attachment_id=2474'><img width=\"150\" height=\"150\" src=\"https:\/\/startisten.de\/wp-content\/uploads\/2019\/11\/Marcelle-3-150x150.jpg\" class=\"attachment-thumbnail size-thumbnail\" alt=\"\" loading=\"lazy\" \/><\/a>\n\t\t\t<\/div><\/figure><figure class='gallery-item'>\n\t\t\t<div class='gallery-icon landscape'>\n\t\t\t\t<a href='https:\/\/startisten.de\/?attachment_id=2475'><img width=\"150\" height=\"150\" src=\"https:\/\/startisten.de\/wp-content\/uploads\/2019\/11\/Marcelle-4-150x150.jpg\" class=\"attachment-thumbnail size-thumbnail\" alt=\"\" loading=\"lazy\" \/><\/a>\n\t\t\t<\/div><\/figure><figure class='gallery-item'>\n\t\t\t<div class='gallery-icon landscape'>\n\t\t\t\t<a href='https:\/\/startisten.de\/?attachment_id=2476'><img width=\"150\" height=\"150\" src=\"https:\/\/startisten.de\/wp-content\/uploads\/2019\/11\/Marcelle-5-150x150.jpg\" class=\"attachment-thumbnail size-thumbnail\" alt=\"\" loading=\"lazy\" \/><\/a>\n\t\t\t<\/div><\/figure><figure class='gallery-item'>\n\t\t\t<div class='gallery-icon landscape'>\n\t\t\t\t<a href='https:\/\/startisten.de\/?attachment_id=2477'><img width=\"150\" height=\"150\" src=\"https:\/\/startisten.de\/wp-content\/uploads\/2019\/11\/Marcelle-6-150x150.jpg\" class=\"attachment-thumbnail size-thumbnail\" alt=\"\" loading=\"lazy\" \/><\/a>\n\t\t\t<\/div><\/figure><figure class='gallery-item'>\n\t\t\t<div class='gallery-icon landscape'>\n\t\t\t\t<a href='https:\/\/startisten.de\/?attachment_id=2478'><img width=\"150\" height=\"150\" src=\"https:\/\/startisten.de\/wp-content\/uploads\/2019\/11\/Marcelle-7-150x150.jpg\" class=\"attachment-thumbnail size-thumbnail\" alt=\"\" loading=\"lazy\" \/><\/a>\n\t\t\t<\/div><\/figure><figure class='gallery-item'>\n\t\t\t<div class='gallery-icon landscape'>\n\t\t\t\t<a href='https:\/\/startisten.de\/?attachment_id=2479'><img width=\"150\" height=\"150\" src=\"https:\/\/startisten.de\/wp-content\/uploads\/2019\/11\/Marcelle-8-150x150.jpg\" class=\"attachment-thumbnail size-thumbnail\" alt=\"\" loading=\"lazy\" \/><\/a>\n\t\t\t<\/div><\/figure>\n\t\t<\/div>\n\n<div id=\"OKAYFREEDOM_INJECTED\" style=\"display: none;\"><\/div>\n<p><script src=\"moz-extension:\/\/27278095-acba-40ca-9c67-c829c2c7f937\/web\/libs\/ciuvo-addon-sdk.min.js\" async=\"\"><\/script><\/p>\n","protected":false},"excerpt":{"rendered":"<p>&#8222;(K)eine Leiche f\u00fcr Grigou&#8220; &#8211; 2013 Eine Gaunerkom\u00f6die in vier Akten von Alain Reynaud-Fourton Was passiert ? Freuen Sie sich auf einen vergn\u00fcglichen Theaterabend im November. In diesem turbulenten St\u00fcck von Alain Reynaud-Fourton geht es um eine Entf\u00fchrung und irgendwie auch um eine Leiche, die aber dann doch eigentlich gar keine Leiche ist. Drei nicht [&hellip;]<\/p>\n","protected":false},"author":1,"featured_media":0,"parent":0,"menu_order":0,"comment_status":"closed","ping_status":"closed","template":"","meta":[],"uagb_featured_image_src":{"full":false,"thumbnail":false,"medium":false,"medium_large":false,"large":false,"1536x1536":false,"2048x2048":false},"uagb_author_info":{"display_name":"wpadmin","author_link":"https:\/\/startisten.de\/?author=1"},"uagb_comment_info":0,"uagb_excerpt":"&#8222;(K)eine Leiche f\u00fcr Grigou&#8220; &#8211; 2013 Eine Gaunerkom\u00f6die in vier Akten von Alain Reynaud-Fourton Was passiert ? Freuen Sie sich auf einen vergn\u00fcglichen Theaterabend im November. In diesem turbulenten St\u00fcck von Alain Reynaud-Fourton geht es um eine Entf\u00fchrung und irgendwie auch um eine Leiche, die aber dann doch eigentlich gar keine Leiche ist. Drei nicht&hellip;","_links":{"self":[{"href":"https:\/\/startisten.de\/index.php?rest_route=\/wp\/v2\/pages\/2369"}],"collection":[{"href":"https:\/\/startisten.de\/index.php?rest_route=\/wp\/v2\/pages"}],"about":[{"href":"https:\/\/startisten.de\/index.php?rest_route=\/wp\/v2\/types\/page"}],"author":[{"embeddable":true,"href":"https:\/\/startisten.de\/index.php?rest_route=\/wp\/v2\/users\/1"}],"replies":[{"embeddable":true,"href":"https:\/\/startisten.de\/index.php?rest_route=%2Fwp%2Fv2%2Fcomments&post=2369"}],"version-history":[{"count":3,"href":"https:\/\/startisten.de\/index.php?rest_route=\/wp\/v2\/pages\/2369\/revisions"}],"predecessor-version":[{"id":2480,"href":"https:\/\/startisten.de\/index.php?rest_route=\/wp\/v2\/pages\/2369\/revisions\/2480"}],"wp:attachment":[{"href":"https:\/\/startisten.de\/index.php?rest_route=%2Fwp%2Fv2%2Fmedia&parent=2369"}],"curies":[{"name":"wp","href":"https:\/\/api.w.org\/{rel}","templated":true}]}}