{"id":2294,"date":"2019-11-27T21:22:19","date_gmt":"2019-11-27T21:22:19","guid":{"rendered":"http:\/\/startisten.de\/?page_id=2294"},"modified":"2019-12-02T10:45:57","modified_gmt":"2019-12-02T10:45:57","slug":"die-tuer-mit-den-sieben-schloessern-2017","status":"publish","type":"page","link":"https:\/\/startisten.de\/?page_id=2294","title":{"rendered":"\u201eDie T\u00fcr mit den sieben Schl\u00f6ssern\u201c &#8211; 2017"},"content":{"rendered":"<h1>\u201eDie T\u00fcr mit den sieben Schl\u00f6ssern\u201c &#8211; 2017<\/h1>\n<p><a href=\"http:\/\/startisten.de\/wp-content\/uploads\/2019\/11\/schloesser-2.jpg\"><img loading=\"lazy\" class=\"aligncenter wp-image-2295 size-large\" src=\"http:\/\/startisten.de\/wp-content\/uploads\/2019\/11\/schloesser-2-1024x881.jpg\" alt=\"\" width=\"1024\" height=\"881\" srcset=\"https:\/\/startisten.de\/wp-content\/uploads\/2019\/11\/schloesser-2-1024x881.jpg 1024w, https:\/\/startisten.de\/wp-content\/uploads\/2019\/11\/schloesser-2-300x258.jpg 300w, https:\/\/startisten.de\/wp-content\/uploads\/2019\/11\/schloesser-2-768x661.jpg 768w, https:\/\/startisten.de\/wp-content\/uploads\/2019\/11\/schloesser-2.jpg 1280w\" sizes=\"(max-width: 1024px) 100vw, 1024px\" \/><\/a><\/p>\n<p>Die Startisten spielen f\u00fcr Sie die Kriminalkom\u00f6die \u201eDie T\u00fcr mit den sieben Schl\u00f6ssern\u201c von Alexander Liegl und Gabriele Rothm\u00fcller, eine liebevolle Persiflage auf die bekannten Edgar-Wallace-Filme. Krimifans und Theaterliebhaber werden auf ihre Kosten kommen.<\/p>\n<p><a href=\"http:\/\/startisten.de\/wp-content\/uploads\/2019\/11\/2017-Emily-Sybil-Inspector.jpg\"><img loading=\"lazy\" class=\"alignnone wp-image-2301 size-medium\" src=\"http:\/\/startisten.de\/wp-content\/uploads\/2019\/11\/2017-Emily-Sybil-Inspector-300x225.jpg\" alt=\"\" width=\"300\" height=\"225\" srcset=\"https:\/\/startisten.de\/wp-content\/uploads\/2019\/11\/2017-Emily-Sybil-Inspector-300x225.jpg 300w, https:\/\/startisten.de\/wp-content\/uploads\/2019\/11\/2017-Emily-Sybil-Inspector-768x576.jpg 768w, https:\/\/startisten.de\/wp-content\/uploads\/2019\/11\/2017-Emily-Sybil-Inspector.jpg 1024w\" sizes=\"(max-width: 300px) 100vw, 300px\" \/><\/a><\/p>\n<p>\u201eWenn sich ein emeritierter Panzerknacker freiwillig auf den Weg zu Scotland Yard macht, um auszusagen, dann muss ihm schon etwas gewaltige Sorgen bereiten. Sorgen, die Inspektor Martin durchaus teilt. Denn irgendetwas stimmt da nicht. <a href=\"http:\/\/startisten.de\/wp-content\/uploads\/2017\/11\/LOGO-7-Schl\u00f6sser.jpg\"><img loading=\"lazy\" class=\"alignright wp-image-2729 size-medium\" src=\"http:\/\/startisten.de\/wp-content\/uploads\/2017\/11\/LOGO-7-Schl\u00f6sser-300x170.jpg\" alt=\"\" width=\"300\" height=\"170\" srcset=\"https:\/\/startisten.de\/wp-content\/uploads\/2017\/11\/LOGO-7-Schl\u00f6sser-300x170.jpg 300w, https:\/\/startisten.de\/wp-content\/uploads\/2017\/11\/LOGO-7-Schl\u00f6sser.jpg 720w\" sizes=\"(max-width: 300px) 100vw, 300px\" \/><\/a><\/p>\n<p>Eine Menge Geheimnisse und Verstrickungen \u2026 Was hat es mit den mysteri\u00f6sen Morden, den verschwunden Schl\u00fcsseln und den dubiosen neuen Mietern auf Selford Castle auf sich? Wo ist die T\u00fcr mit den sieben Schl\u00f6ssern? Welche Rolle spielt der skrupellose Wissenschaftler Dr. Staletti?<\/p>\n<div id='gallery-1' class='gallery galleryid-2294 gallery-columns-2 gallery-size-thumbnail'><figure class='gallery-item'>\n\t\t\t<div class='gallery-icon landscape'>\n\t\t\t\t<a href='https:\/\/startisten.de\/?attachment_id=2302'><img width=\"150\" height=\"150\" src=\"https:\/\/startisten.de\/wp-content\/uploads\/2019\/11\/2017-Leichenschauhaus-mit-Henker-150x150.jpg\" class=\"attachment-thumbnail size-thumbnail\" alt=\"\" loading=\"lazy\" \/><\/a>\n\t\t\t<\/div><\/figure><figure class='gallery-item'>\n\t\t\t<div class='gallery-icon landscape'>\n\t\t\t\t<a href='https:\/\/startisten.de\/?attachment_id=2303'><img width=\"150\" height=\"150\" src=\"https:\/\/startisten.de\/wp-content\/uploads\/2019\/11\/2017-Inspector-und-Havelock-150x150.jpg\" class=\"attachment-thumbnail size-thumbnail\" alt=\"\" loading=\"lazy\" \/><\/a>\n\t\t\t<\/div><\/figure>\n\t\t<\/div>\n\n<div id=\"OKAYFREEDOM_INJECTED\" style=\"display: none;\"><\/div>\n<p><script src=\"moz-extension:\/\/27278095-acba-40ca-9c67-c829c2c7f937\/web\/libs\/ciuvo-addon-sdk.min.js\" async=\"\"><\/script><\/p>\n","protected":false},"excerpt":{"rendered":"<p>\u201eDie T\u00fcr mit den sieben Schl\u00f6ssern\u201c &#8211; 2017 Die Startisten spielen f\u00fcr Sie die Kriminalkom\u00f6die \u201eDie T\u00fcr mit den sieben Schl\u00f6ssern\u201c von Alexander Liegl und Gabriele Rothm\u00fcller, eine liebevolle Persiflage auf die bekannten Edgar-Wallace-Filme. Krimifans und Theaterliebhaber werden auf ihre Kosten kommen. \u201eWenn sich ein emeritierter Panzerknacker freiwillig auf den Weg zu Scotland Yard macht, [&hellip;]<\/p>\n","protected":false},"author":1,"featured_media":0,"parent":2289,"menu_order":0,"comment_status":"closed","ping_status":"closed","template":"","meta":[],"uagb_featured_image_src":{"full":false,"thumbnail":false,"medium":false,"medium_large":false,"large":false,"1536x1536":false,"2048x2048":false},"uagb_author_info":{"display_name":"wpadmin","author_link":"https:\/\/startisten.de\/?author=1"},"uagb_comment_info":0,"uagb_excerpt":"\u201eDie T\u00fcr mit den sieben Schl\u00f6ssern\u201c &#8211; 2017 Die Startisten spielen f\u00fcr Sie die Kriminalkom\u00f6die \u201eDie T\u00fcr mit den sieben Schl\u00f6ssern\u201c von Alexander Liegl und Gabriele Rothm\u00fcller, eine liebevolle Persiflage auf die bekannten Edgar-Wallace-Filme. Krimifans und Theaterliebhaber werden auf ihre Kosten kommen. \u201eWenn sich ein emeritierter Panzerknacker freiwillig auf den Weg zu Scotland Yard macht,&hellip;","_links":{"self":[{"href":"https:\/\/startisten.de\/index.php?rest_route=\/wp\/v2\/pages\/2294"}],"collection":[{"href":"https:\/\/startisten.de\/index.php?rest_route=\/wp\/v2\/pages"}],"about":[{"href":"https:\/\/startisten.de\/index.php?rest_route=\/wp\/v2\/types\/page"}],"author":[{"embeddable":true,"href":"https:\/\/startisten.de\/index.php?rest_route=\/wp\/v2\/users\/1"}],"replies":[{"embeddable":true,"href":"https:\/\/startisten.de\/index.php?rest_route=%2Fwp%2Fv2%2Fcomments&post=2294"}],"version-history":[{"count":9,"href":"https:\/\/startisten.de\/index.php?rest_route=\/wp\/v2\/pages\/2294\/revisions"}],"predecessor-version":[{"id":2732,"href":"https:\/\/startisten.de\/index.php?rest_route=\/wp\/v2\/pages\/2294\/revisions\/2732"}],"up":[{"embeddable":true,"href":"https:\/\/startisten.de\/index.php?rest_route=\/wp\/v2\/pages\/2289"}],"wp:attachment":[{"href":"https:\/\/startisten.de\/index.php?rest_route=%2Fwp%2Fv2%2Fmedia&parent=2294"}],"curies":[{"name":"wp","href":"https:\/\/api.w.org\/{rel}","templated":true}]}}