{"id":2289,"date":"2019-11-27T21:15:03","date_gmt":"2019-11-27T21:15:03","guid":{"rendered":"http:\/\/startisten.de\/?page_id=2289"},"modified":"2024-10-14T17:33:39","modified_gmt":"2024-10-14T17:33:39","slug":"rueckblick","status":"publish","type":"page","link":"https:\/\/startisten.de\/?page_id=2289","title":{"rendered":"R\u00fcckblick"},"content":{"rendered":"<h1>R\u00fcckblick: So sch\u00f6n war und ist es bei den Startisten&#8230;<\/h1>\n<h2><img loading=\"lazy\" class=\"aligncenter wp-image-2678 size-full\" src=\"http:\/\/startisten.de\/wp-content\/uploads\/2019\/11\/rear-mirror-2480516_1920.jpg\" alt=\"\" width=\"1920\" height=\"752\" srcset=\"https:\/\/startisten.de\/wp-content\/uploads\/2019\/11\/rear-mirror-2480516_1920.jpg 1920w, https:\/\/startisten.de\/wp-content\/uploads\/2019\/11\/rear-mirror-2480516_1920-300x118.jpg 300w, https:\/\/startisten.de\/wp-content\/uploads\/2019\/11\/rear-mirror-2480516_1920-1024x401.jpg 1024w, https:\/\/startisten.de\/wp-content\/uploads\/2019\/11\/rear-mirror-2480516_1920-768x301.jpg 768w, https:\/\/startisten.de\/wp-content\/uploads\/2019\/11\/rear-mirror-2480516_1920-1536x602.jpg 1536w\" sizes=\"(max-width: 1920px) 100vw, 1920px\" \/><\/h2>\n<p>&nbsp;<\/p>\n<p><strong>St\u00f6bern Sie in unserer Kiste mit Souvenirs.<\/strong><\/p>\n<p>&nbsp;<\/p>\n<p><a href=\"http:\/\/startisten.de\/?p=2785\">\u201e<\/a><a href=\"http:\/\/startisten.de\/?p=2785\">Geistreich<\/a><a href=\"http:\/\/startisten.de\/?page_id=2333\">\u201c<\/a><a href=\"http:\/\/startisten.de\/?p=2785\"> (2023) <\/a><\/p>\n<p><a href=\"http:\/\/startisten.de\/?page_id=2333\">\u201eFunny Money\u201c- 2019<\/a><\/p>\n<p><a href=\"http:\/\/startisten.de\/?page_id=2294\">&#8222;Die T\u00fcr mit den sieben Schl\u00f6ssern&#8220; 2017<\/a><\/p>\n<p><a href=\"http:\/\/startisten.de\/?page_id=2305\">&#8222;Der mit dem Huhn tanzt&#8220; 2015 Fotos<\/a><\/p>\n<p><a href=\"http:\/\/startisten.de\/?page_id=2369\">&#8222;(K)eine Leiche f\u00fcr Grigou&#8220; 2013<\/a><\/p>\n<p><a href=\"http:\/\/startisten.de\/?page_id=2386\">&#8222;Wie in einem Spinnennetz&#8220; von Agatha Christie &#8211; 2011<\/a><\/p>\n<p><a href=\"http:\/\/startisten.de\/?page_id=2481\">&#8222;Gangster, Flieger und Entf\u00fchrte&#8220; &#8211; 2009<\/a><\/p>\n<p><a href=\"http:\/\/startisten.de\/?page_id=2505\">&#8222;Der Tag, an dem der Papst gekidnappt wurde&#8220; &#8211; 2007<\/a><\/p>\n<p><a href=\"http:\/\/startisten.de\/?page_id=2523\">&#8222;Kugeln auf Schloss Eastermoore&#8220; &#8211; 2006<\/a><\/p>\n<p><a href=\"http:\/\/startisten.de\/?page_id=2536\">&#8222;Zum Henker mit den Henks&#8220; &#8211; 2004<\/a><\/p>\n<p><a href=\"http:\/\/startisten.de\/?page_id=2570\">&#8222;Ein gem\u00fctliches Wochenende&#8220; &#8211; 2002<\/a><\/p>\n<p><a href=\"http:\/\/startisten.de\/?page_id=2588\">&#8222;Brave Diebe&#8220; &#8211; 2001<\/a><\/p>\n<p><a href=\"http:\/\/startisten.de\/?page_id=2604\">ABA-Sketchwochenende &#8211; 2001<\/a><\/p>\n<p><a href=\"http:\/\/startisten.de\/?page_id=2624\">&#8222;Das Geheimnis von Cheatham Hall&#8220; &#8211; 2000\/2001<\/a><\/p>\n<p><a href=\"http:\/\/startisten.de\/?page_id=2633\">&#8222;Heiraten ist immer ein Risiko&#8220; &#8211; 1999\/2000<\/a><\/p>\n<p><a href=\"http:\/\/startisten.de\/?page_id=2691\"> \u201eBunbury\u201c &#8211; 1997<\/a><\/p>\n<p><script src=\"moz-extension:\/\/27278095-acba-40ca-9c67-c829c2c7f937\/web\/libs\/ciuvo-addon-sdk.min.js\" async=\"\"><\/script><\/p>\n<div id=\"OKAYFREEDOM_INJECTED\" style=\"display: none;\"><\/div>\n<p><script src=\"moz-extension:\/\/27278095-acba-40ca-9c67-c829c2c7f937\/web\/libs\/ciuvo-addon-sdk.min.js\" async=\"\"><\/script><\/p>\n","protected":false},"excerpt":{"rendered":"<p>R\u00fcckblick: So sch\u00f6n war und ist es bei den Startisten&#8230; &nbsp; St\u00f6bern Sie in unserer Kiste mit Souvenirs. &nbsp; \u201eGeistreich\u201c (2023) \u201eFunny Money\u201c- 2019 &#8222;Die T\u00fcr mit den sieben Schl\u00f6ssern&#8220; 2017 &#8222;Der mit dem Huhn tanzt&#8220; 2015 Fotos &#8222;(K)eine Leiche f\u00fcr Grigou&#8220; 2013 &#8222;Wie in einem Spinnennetz&#8220; von Agatha Christie &#8211; 2011 &#8222;Gangster, Flieger und [&hellip;]<\/p>\n","protected":false},"author":1,"featured_media":0,"parent":0,"menu_order":0,"comment_status":"closed","ping_status":"closed","template":"","meta":[],"uagb_featured_image_src":{"full":false,"thumbnail":false,"medium":false,"medium_large":false,"large":false,"1536x1536":false,"2048x2048":false},"uagb_author_info":{"display_name":"wpadmin","author_link":"https:\/\/startisten.de\/?author=1"},"uagb_comment_info":0,"uagb_excerpt":"R\u00fcckblick: So sch\u00f6n war und ist es bei den Startisten&#8230; &nbsp; St\u00f6bern Sie in unserer Kiste mit Souvenirs. &nbsp; \u201eGeistreich\u201c (2023) \u201eFunny Money\u201c- 2019 &#8222;Die T\u00fcr mit den sieben Schl\u00f6ssern&#8220; 2017 &#8222;Der mit dem Huhn tanzt&#8220; 2015 Fotos &#8222;(K)eine Leiche f\u00fcr Grigou&#8220; 2013 &#8222;Wie in einem Spinnennetz&#8220; von Agatha Christie &#8211; 2011 &#8222;Gangster, Flieger und&hellip;","_links":{"self":[{"href":"https:\/\/startisten.de\/index.php?rest_route=\/wp\/v2\/pages\/2289"}],"collection":[{"href":"https:\/\/startisten.de\/index.php?rest_route=\/wp\/v2\/pages"}],"about":[{"href":"https:\/\/startisten.de\/index.php?rest_route=\/wp\/v2\/types\/page"}],"author":[{"embeddable":true,"href":"https:\/\/startisten.de\/index.php?rest_route=\/wp\/v2\/users\/1"}],"replies":[{"embeddable":true,"href":"https:\/\/startisten.de\/index.php?rest_route=%2Fwp%2Fv2%2Fcomments&post=2289"}],"version-history":[{"count":17,"href":"https:\/\/startisten.de\/index.php?rest_route=\/wp\/v2\/pages\/2289\/revisions"}],"predecessor-version":[{"id":2823,"href":"https:\/\/startisten.de\/index.php?rest_route=\/wp\/v2\/pages\/2289\/revisions\/2823"}],"wp:attachment":[{"href":"https:\/\/startisten.de\/index.php?rest_route=%2Fwp%2Fv2%2Fmedia&parent=2289"}],"curies":[{"name":"wp","href":"https:\/\/api.w.org\/{rel}","templated":true}]}}