{"id":2283,"date":"2019-11-27T21:08:46","date_gmt":"2019-11-27T21:08:46","guid":{"rendered":"http:\/\/startisten.de\/?page_id=2283"},"modified":"2019-11-29T23:42:29","modified_gmt":"2019-11-29T23:42:29","slug":"termine","status":"publish","type":"page","link":"https:\/\/startisten.de\/?page_id=2283","title":{"rendered":"Termine"},"content":{"rendered":"<h1><img loading=\"lazy\" class=\"alignnone wp-image-2688\" src=\"http:\/\/startisten.de\/wp-content\/uploads\/2019\/11\/mask-3029368_1920-300x169.jpg\" alt=\"\" width=\"450\" height=\"253\" srcset=\"https:\/\/startisten.de\/wp-content\/uploads\/2019\/11\/mask-3029368_1920-300x169.jpg 300w, https:\/\/startisten.de\/wp-content\/uploads\/2019\/11\/mask-3029368_1920-1024x576.jpg 1024w, https:\/\/startisten.de\/wp-content\/uploads\/2019\/11\/mask-3029368_1920-768x432.jpg 768w, https:\/\/startisten.de\/wp-content\/uploads\/2019\/11\/mask-3029368_1920-1536x864.jpg 1536w, https:\/\/startisten.de\/wp-content\/uploads\/2019\/11\/mask-3029368_1920.jpg 1920w\" sizes=\"(max-width: 450px) 100vw, 450px\" \/><\/h1>\n<h1><strong>Die Spielzeit 2019 ist leider beendet<\/strong><\/h1>\n<p>600 G\u00e4ste kamen im November zum gro\u00dfen Theaterabend<\/p>\n<p>&nbsp;<\/p>\n<p><strong>&#8222;Funny Money&#8220;<\/strong><\/p>\n<p><strong>Eine Kom\u00f6die von Ray Coone<\/strong>y<\/p>\n<p>Gro\u00dfer Saal des Ortsteilzentrums Br\u00fcser Berg, Fahrenheitstra\u00dfe 49, 53125 Bonn<\/p>\n<p>&nbsp;<\/p>\n<p><iframe style=\"border: 0;\" src=\"https:\/\/www.google.com\/maps\/embed?pb=!1m14!1m8!1m3!1d5054.4127202061545!2d7.057481!3d50.697555!3m2!1i1024!2i768!4f13.1!3m3!1m2!1s0x47bee212541fe7c9%3A0xd98336f0f032b652!2sFahrenheitstra%C3%9Fe%2049%2C%2053125%20Bonn%2C%20Deutschland!5e0!3m2!1sde!2sus!4v1574888776998!5m2!1sde!2sus\" width=\"600\" height=\"450\" frameborder=\"0\" allowfullscreen=\"allowfullscreen\"><\/iframe><\/p>\n<div id=\"OKAYFREEDOM_INJECTED\" style=\"display: none;\"><\/div>\n<p><script src=\"moz-extension:\/\/27278095-acba-40ca-9c67-c829c2c7f937\/web\/libs\/ciuvo-addon-sdk.min.js\" async=\"\"><\/script><\/p>\n","protected":false},"excerpt":{"rendered":"<p>Die Spielzeit 2019 ist leider beendet 600 G\u00e4ste kamen im November zum gro\u00dfen Theaterabend &nbsp; &#8222;Funny Money&#8220; Eine Kom\u00f6die von Ray Cooney Gro\u00dfer Saal des Ortsteilzentrums Br\u00fcser Berg, Fahrenheitstra\u00dfe 49, 53125 Bonn &nbsp;<\/p>\n","protected":false},"author":1,"featured_media":0,"parent":0,"menu_order":0,"comment_status":"closed","ping_status":"closed","template":"","meta":[],"uagb_featured_image_src":{"full":false,"thumbnail":false,"medium":false,"medium_large":false,"large":false,"1536x1536":false,"2048x2048":false},"uagb_author_info":{"display_name":"wpadmin","author_link":"https:\/\/startisten.de\/?author=1"},"uagb_comment_info":0,"uagb_excerpt":"Die Spielzeit 2019 ist leider beendet 600 G\u00e4ste kamen im November zum gro\u00dfen Theaterabend &nbsp; &#8222;Funny Money&#8220; Eine Kom\u00f6die von Ray Cooney Gro\u00dfer Saal des Ortsteilzentrums Br\u00fcser Berg, Fahrenheitstra\u00dfe 49, 53125 Bonn &nbsp;","_links":{"self":[{"href":"https:\/\/startisten.de\/index.php?rest_route=\/wp\/v2\/pages\/2283"}],"collection":[{"href":"https:\/\/startisten.de\/index.php?rest_route=\/wp\/v2\/pages"}],"about":[{"href":"https:\/\/startisten.de\/index.php?rest_route=\/wp\/v2\/types\/page"}],"author":[{"embeddable":true,"href":"https:\/\/startisten.de\/index.php?rest_route=\/wp\/v2\/users\/1"}],"replies":[{"embeddable":true,"href":"https:\/\/startisten.de\/index.php?rest_route=%2Fwp%2Fv2%2Fcomments&post=2283"}],"version-history":[{"count":7,"href":"https:\/\/startisten.de\/index.php?rest_route=\/wp\/v2\/pages\/2283\/revisions"}],"predecessor-version":[{"id":2690,"href":"https:\/\/startisten.de\/index.php?rest_route=\/wp\/v2\/pages\/2283\/revisions\/2690"}],"wp:attachment":[{"href":"https:\/\/startisten.de\/index.php?rest_route=%2Fwp%2Fv2%2Fmedia&parent=2283"}],"curies":[{"name":"wp","href":"https:\/\/api.w.org\/{rel}","templated":true}]}}